{"id":935,"date":"2021-11-15T10:49:22","date_gmt":"2021-11-15T10:49:22","guid":{"rendered":"https:\/\/electrostrefa.pl\/?post_type=product&#038;p=935"},"modified":"2023-01-13T09:16:19","modified_gmt":"2023-01-13T09:16:19","slug":"liebherr-mrfvc-4011","status":"publish","type":"product","link":"https:\/\/electrostrefa.pl\/index.php\/produkt\/liebherr-mrfvc-4011\/","title":{"rendered":"Liebherr MRFvc 4011"},"content":{"rendered":"","protected":false},"excerpt":{"rendered":"<p style=\"text-align: center\">Od dziesi\u0119cioleci firma <strong>Liebherr<\/strong> zdobywa do\u015bwiadczenie i prowadzi prace badawczo-rozwojowe w dziedzinie <strong>ch\u0142odzenia<\/strong>, co stanowi gwarancj\u0119 najwy\u017cszej jako\u015bci urz\u0105dze\u0144 ch\u0142odniczych. Dzi\u0119ki stosowaniu wy\u0142\u0105cznie najwy\u017cszej klasy kompresor\u00f3w, kondensator\u00f3w, parownik\u00f3w i innych element\u00f3w uk\u0142adu ch\u0142odzenia firma <strong>Liebherr<\/strong> tworzy energooszcz\u0119dne urz\u0105dzenia generuj\u0105ce <strong>niskie<\/strong> koszty eksploatacji.<\/p>\n","protected":false},"featured_media":939,"template":"","meta":{"_jet_sm_ready_style":"","_jet_sm_style":"","_jet_sm_controls_values":""},"product_cat":[31,61],"product_tag":[154,150,81,157,156,153,151,152,149,148,155],"_links":{"self":[{"href":"https:\/\/electrostrefa.pl\/index.php\/wp-json\/wp\/v2\/product\/935"}],"collection":[{"href":"https:\/\/electrostrefa.pl\/index.php\/wp-json\/wp\/v2\/product"}],"about":[{"href":"https:\/\/electrostrefa.pl\/index.php\/wp-json\/wp\/v2\/types\/product"}],"version-history":[{"count":4,"href":"https:\/\/electrostrefa.pl\/index.php\/wp-json\/wp\/v2\/product\/935\/revisions"}],"predecessor-version":[{"id":1643,"href":"https:\/\/electrostrefa.pl\/index.php\/wp-json\/wp\/v2\/product\/935\/revisions\/1643"}],"wp:featuredmedia":[{"embeddable":true,"href":"https:\/\/electrostrefa.pl\/index.php\/wp-json\/wp\/v2\/media\/939"}],"wp:attachment":[{"href":"https:\/\/electrostrefa.pl\/index.php\/wp-json\/wp\/v2\/media?parent=935"}],"wp:term":[{"taxonomy":"product_cat","embeddable":true,"href":"https:\/\/electrostrefa.pl\/index.php\/wp-json\/wp\/v2\/product_cat?post=935"},{"taxonomy":"product_tag","embeddable":true,"href":"https:\/\/electrostrefa.pl\/index.php\/wp-json\/wp\/v2\/product_tag?post=935"}],"curies":[{"name":"wp","href":"https:\/\/api.w.org\/{rel}","templated":true}]}}