{"id":615,"date":"2021-11-05T15:07:05","date_gmt":"2021-11-05T15:07:05","guid":{"rendered":"https:\/\/electrostrefa.pl\/?post_type=product&#038;p=615"},"modified":"2023-01-13T09:28:52","modified_gmt":"2023-01-13T09:28:52","slug":"piekarnik-aeg-bsk999330m-9000-steampro","status":"publish","type":"product","link":"https:\/\/electrostrefa.pl\/index.php\/produkt\/piekarnik-aeg-bsk999330m-9000-steampro\/","title":{"rendered":"Piekarnik AEG BSK999330M 9000 STEAMPRO"},"content":{"rendered":"\t\t<div data-elementor-type=\"product-post\" data-elementor-id=\"615\" class=\"elementor elementor-615\" data-elementor-settings=\"[]\">\n\t\t\t\t\t\t\t<div class=\"elementor-section-wrap\">\n\t\t\t\t\t\t\t<section class=\"elementor-section elementor-top-section elementor-element elementor-element-ca23b02 elementor-section-boxed elementor-section-height-default elementor-section-height-default\" data-id=\"ca23b02\" data-element_type=\"section\">\n\t\t\t\t\t\t<div class=\"elementor-container elementor-column-gap-default\">\n\t\t\t\t\t<div class=\"elementor-column elementor-col-50 elementor-top-column elementor-element elementor-element-59b228f\" data-id=\"59b228f\" data-element_type=\"column\">\n\t\t\t<div class=\"elementor-widget-wrap elementor-element-populated\">\n\t\t\t\t\t\t\t\t<div class=\"elementor-element elementor-element-2877eaa elementor-widget elementor-widget-image\" data-id=\"2877eaa\" data-element_type=\"widget\" data-widget_type=\"image.default\">\n\t\t\t\t<div class=\"elementor-widget-container\">\n\t\t\t<style>\/*! elementor - v3.5.5 - 03-02-2022 *\/\n.elementor-widget-image{text-align:center}.elementor-widget-image a{display:inline-block}.elementor-widget-image a img[src$=\".svg\"]{width:48px}.elementor-widget-image img{vertical-align:middle;display:inline-block}<\/style>\t\t\t\t\t\t\t\t\t\t\t\t<img width=\"450\" height=\"450\" src=\"https:\/\/electrostrefa.pl\/wp-content\/uploads\/2021\/11\/remote.jpg-7-1-450x450.webp\" class=\"attachment-woocommerce_thumbnail size-woocommerce_thumbnail\" alt=\"\" loading=\"lazy\" srcset=\"https:\/\/electrostrefa.pl\/wp-content\/uploads\/2021\/11\/remote.jpg-7-1-450x450.webp 450w, https:\/\/electrostrefa.pl\/wp-content\/uploads\/2021\/11\/remote.jpg-7-1-300x300.webp 300w, https:\/\/electrostrefa.pl\/wp-content\/uploads\/2021\/11\/remote.jpg-7-1-150x150.webp 150w, https:\/\/electrostrefa.pl\/wp-content\/uploads\/2021\/11\/remote.jpg-7-1-768x768.webp 768w, https:\/\/electrostrefa.pl\/wp-content\/uploads\/2021\/11\/remote.jpg-7-1-600x600.webp 600w, https:\/\/electrostrefa.pl\/wp-content\/uploads\/2021\/11\/remote.jpg-7-1-100x100.webp 100w, https:\/\/electrostrefa.pl\/wp-content\/uploads\/2021\/11\/remote.jpg-7-1.webp 1000w\" sizes=\"(max-width: 450px) 100vw, 450px\" style=\"width:100%;height:100%;max-width:1000px\" \/>\t\t\t\t\t\t\t\t\t\t\t\t\t\t\t<\/div>\n\t\t\t\t<\/div>\n\t\t\t\t\t<\/div>\n\t\t<\/div>\n\t\t\t\t<div class=\"elementor-column elementor-col-50 elementor-top-column elementor-element elementor-element-9ce44d4\" data-id=\"9ce44d4\" data-element_type=\"column\">\n\t\t\t<div class=\"elementor-widget-wrap elementor-element-populated\">\n\t\t\t\t\t\t\t\t<div class=\"elementor-element elementor-element-166956a elementor-widget elementor-widget-spacer\" data-id=\"166956a\" data-element_type=\"widget\" data-widget_type=\"spacer.default\">\n\t\t\t\t<div class=\"elementor-widget-container\">\n\t\t\t\t\t<div class=\"elementor-spacer\">\n\t\t\t<div class=\"elementor-spacer-inner\"><\/div>\n\t\t<\/div>\n\t\t\t\t<\/div>\n\t\t\t\t<\/div>\n\t\t\t\t<div class=\"elementor-element elementor-element-cb47c60 elementor-widget elementor-widget-heading\" data-id=\"cb47c60\" data-element_type=\"widget\" data-widget_type=\"heading.default\">\n\t\t\t\t<div class=\"elementor-widget-container\">\n\t\t\t<style>\/*! elementor - v3.5.5 - 03-02-2022 *\/\n.elementor-heading-title{padding:0;margin:0;line-height:1}.elementor-widget-heading .elementor-heading-title[class*=elementor-size-]>a{color:inherit;font-size:inherit;line-height:inherit}.elementor-widget-heading .elementor-heading-title.elementor-size-small{font-size:15px}.elementor-widget-heading .elementor-heading-title.elementor-size-medium{font-size:19px}.elementor-widget-heading .elementor-heading-title.elementor-size-large{font-size:29px}.elementor-widget-heading .elementor-heading-title.elementor-size-xl{font-size:39px}.elementor-widget-heading .elementor-heading-title.elementor-size-xxl{font-size:59px}<\/style><h2 class=\"elementor-heading-title elementor-size-default\">IDEALNY STOPIE\u0143 PRZYRUMIENIENIA\n<\/h2>\t\t<\/div>\n\t\t\t\t<\/div>\n\t\t\t\t<div class=\"elementor-element elementor-element-b0ded4b elementor-widget elementor-widget-text-editor\" data-id=\"b0ded4b\" data-element_type=\"widget\" data-widget_type=\"text-editor.default\">\n\t\t\t\t<div class=\"elementor-widget-container\">\n\t\t\t<style>\/*! elementor - v3.5.5 - 03-02-2022 *\/\n.elementor-widget-text-editor.elementor-drop-cap-view-stacked .elementor-drop-cap{background-color:#818a91;color:#fff}.elementor-widget-text-editor.elementor-drop-cap-view-framed .elementor-drop-cap{color:#818a91;border:3px solid;background-color:transparent}.elementor-widget-text-editor:not(.elementor-drop-cap-view-default) .elementor-drop-cap{margin-top:8px}.elementor-widget-text-editor:not(.elementor-drop-cap-view-default) .elementor-drop-cap-letter{width:1em;height:1em}.elementor-widget-text-editor .elementor-drop-cap{float:left;text-align:center;line-height:1;font-size:50px}.elementor-widget-text-editor .elementor-drop-cap-letter{display:inline-block}<\/style>\t\t\t\t<p>Wiesz, \u017ce potrawa jest ju\u017c gotowa, jak tylko na ni\u0105 spojrzysz. Oczywi\u015bcie. Z kamer\u0105 <strong>CookView\u00ae<\/strong> mo\u017cesz zdalnie sprawdzi\u0107, czy Twoje wypieki maj\u0105 odpowiedni kolor.<\/p><p>\u00a0<\/p>\t\t\t\t\t\t<\/div>\n\t\t\t\t<\/div>\n\t\t\t\t\t<\/div>\n\t\t<\/div>\n\t\t\t\t\t\t\t<\/div>\n\t\t<\/section>\n\t\t\t\t<section class=\"elementor-section elementor-top-section elementor-element elementor-element-9fb9ceb elementor-section-boxed elementor-section-height-default elementor-section-height-default\" data-id=\"9fb9ceb\" data-element_type=\"section\">\n\t\t\t\t\t\t<div class=\"elementor-container elementor-column-gap-default\">\n\t\t\t\t\t<div class=\"elementor-column elementor-col-50 elementor-top-column elementor-element elementor-element-6be50da\" data-id=\"6be50da\" data-element_type=\"column\">\n\t\t\t<div class=\"elementor-widget-wrap elementor-element-populated\">\n\t\t\t\t\t\t\t\t<div class=\"elementor-element elementor-element-d7b1acc elementor-widget elementor-widget-spacer\" data-id=\"d7b1acc\" data-element_type=\"widget\" data-widget_type=\"spacer.default\">\n\t\t\t\t<div class=\"elementor-widget-container\">\n\t\t\t\t\t<div class=\"elementor-spacer\">\n\t\t\t<div class=\"elementor-spacer-inner\"><\/div>\n\t\t<\/div>\n\t\t\t\t<\/div>\n\t\t\t\t<\/div>\n\t\t\t\t<div class=\"elementor-element elementor-element-7c9ae73 elementor-widget elementor-widget-heading\" data-id=\"7c9ae73\" data-element_type=\"widget\" data-widget_type=\"heading.default\">\n\t\t\t\t<div class=\"elementor-widget-container\">\n\t\t\t<h2 class=\"elementor-heading-title elementor-size-default\">STEAMIFY\u00ae -AUTOMATYCZNE DOSTOSOWANIE POZIOMU PARY\n<\/h2>\t\t<\/div>\n\t\t\t\t<\/div>\n\t\t\t\t<div class=\"elementor-element elementor-element-38d5bcc elementor-widget elementor-widget-text-editor\" data-id=\"38d5bcc\" data-element_type=\"widget\" data-widget_type=\"text-editor.default\">\n\t\t\t\t<div class=\"elementor-widget-container\">\n\t\t\t\t\t\t\t<p>Dzi\u0119ki funkcji <strong>Steamify\u00ae<\/strong> \u0142atwo ustawisz odpowiedni\u0105 temperatur\u0119 oraz poziom pary, aby przygotowywana potrwa by\u0142a zdrowsza i smaczniejsza. Gotowanie na parze pozwala zachowa\u0107 naturalny smak i warto\u015bci od\u017cywcze sk\u0142adnik\u00f3w. Z funkcj\u0105 <strong>Steamify\u00ae<\/strong> jest to jeszcze \u0142atwiejsze.<\/p><p>\u00a0<\/p>\t\t\t\t\t\t<\/div>\n\t\t\t\t<\/div>\n\t\t\t\t\t<\/div>\n\t\t<\/div>\n\t\t\t\t<div class=\"elementor-column elementor-col-50 elementor-top-column elementor-element elementor-element-4fb5962\" data-id=\"4fb5962\" data-element_type=\"column\">\n\t\t\t<div class=\"elementor-widget-wrap elementor-element-populated\">\n\t\t\t\t\t\t\t\t<div class=\"elementor-element elementor-element-72e6b4f elementor-widget elementor-widget-image\" data-id=\"72e6b4f\" data-element_type=\"widget\" data-widget_type=\"image.default\">\n\t\t\t\t<div class=\"elementor-widget-container\">\n\t\t\t\t\t\t\t\t\t\t\t\t\t\t\t<img width=\"450\" height=\"450\" src=\"https:\/\/electrostrefa.pl\/wp-content\/uploads\/2021\/11\/remote.jpg-8-1-450x450.webp\" class=\"attachment-woocommerce_thumbnail size-woocommerce_thumbnail\" alt=\"\" loading=\"lazy\" srcset=\"https:\/\/electrostrefa.pl\/wp-content\/uploads\/2021\/11\/remote.jpg-8-1-450x450.webp 450w, https:\/\/electrostrefa.pl\/wp-content\/uploads\/2021\/11\/remote.jpg-8-1-300x300.webp 300w, https:\/\/electrostrefa.pl\/wp-content\/uploads\/2021\/11\/remote.jpg-8-1-150x150.webp 150w, https:\/\/electrostrefa.pl\/wp-content\/uploads\/2021\/11\/remote.jpg-8-1-768x768.webp 768w, https:\/\/electrostrefa.pl\/wp-content\/uploads\/2021\/11\/remote.jpg-8-1-600x600.webp 600w, https:\/\/electrostrefa.pl\/wp-content\/uploads\/2021\/11\/remote.jpg-8-1-100x100.webp 100w, https:\/\/electrostrefa.pl\/wp-content\/uploads\/2021\/11\/remote.jpg-8-1.webp 1000w\" sizes=\"(max-width: 450px) 100vw, 450px\" style=\"width:100%;height:100%;max-width:1000px\" \/>\t\t\t\t\t\t\t\t\t\t\t\t\t\t\t<\/div>\n\t\t\t\t<\/div>\n\t\t\t\t\t<\/div>\n\t\t<\/div>\n\t\t\t\t\t\t\t<\/div>\n\t\t<\/section>\n\t\t\t\t<section class=\"elementor-section elementor-top-section elementor-element elementor-element-6a61249 elementor-section-boxed elementor-section-height-default elementor-section-height-default\" data-id=\"6a61249\" data-element_type=\"section\">\n\t\t\t\t\t\t<div class=\"elementor-container elementor-column-gap-default\">\n\t\t\t\t\t<div class=\"elementor-column elementor-col-100 elementor-top-column elementor-element elementor-element-d539926\" data-id=\"d539926\" data-element_type=\"column\">\n\t\t\t<div class=\"elementor-widget-wrap elementor-element-populated\">\n\t\t\t\t\t\t\t\t<div class=\"elementor-element elementor-element-7e52979 elementor-widget elementor-widget-heading\" data-id=\"7e52979\" data-element_type=\"widget\" data-widget_type=\"heading.default\">\n\t\t\t\t<div class=\"elementor-widget-container\">\n\t\t\t<h2 class=\"elementor-heading-title elementor-size-default\">FUNKCJONALNA. ZINTEGROWANA. SPERSONALIZOWANA. INTELIGENTNA KUCHNIA\n<\/h2>\t\t<\/div>\n\t\t\t\t<\/div>\n\t\t\t\t<div class=\"elementor-element elementor-element-330a601 elementor-widget elementor-widget-text-editor\" data-id=\"330a601\" data-element_type=\"widget\" data-widget_type=\"text-editor.default\">\n\t\t\t\t<div class=\"elementor-widget-container\">\n\t\t\t\t\t\t\t<p>Zdalnie zarz\u0105dzaj piekarnikiem, sprawd\u017a ofert\u0119 r\u00f3\u017cnych partner\u00f3w, a nawet uzyskaj pomoc w gotowaniu dostosowan\u0105 do Twoich potrzeb \u2013 wszystko to dzi\u0119ki aplikacji <strong>My AEG Kitchen<\/strong>. To wygodny i \u0142atwy spos\u00f3b na doskona\u0142e wra\u017cenia z inteligentnej kuchni.<\/p><p>\u00a0<\/p>\t\t\t\t\t\t<\/div>\n\t\t\t\t<\/div>\n\t\t\t\t\t<\/div>\n\t\t<\/div>\n\t\t\t\t\t\t\t<\/div>\n\t\t<\/section>\n\t\t\t\t<section class=\"elementor-section elementor-top-section elementor-element elementor-element-20fbe2d elementor-section-boxed elementor-section-height-default elementor-section-height-default\" data-id=\"20fbe2d\" data-element_type=\"section\">\n\t\t\t\t\t\t<div class=\"elementor-container elementor-column-gap-default\">\n\t\t\t\t\t<div class=\"elementor-column elementor-col-50 elementor-top-column elementor-element elementor-element-1a10f5e\" data-id=\"1a10f5e\" data-element_type=\"column\">\n\t\t\t<div class=\"elementor-widget-wrap elementor-element-populated\">\n\t\t\t\t\t\t\t\t<div class=\"elementor-element elementor-element-6a8aab6 elementor-widget elementor-widget-image\" data-id=\"6a8aab6\" data-element_type=\"widget\" data-widget_type=\"image.default\">\n\t\t\t\t<div class=\"elementor-widget-container\">\n\t\t\t\t\t\t\t\t\t\t\t\t\t\t\t<img width=\"450\" height=\"450\" src=\"https:\/\/electrostrefa.pl\/wp-content\/uploads\/2021\/11\/remote.jpg-9-1-450x450.webp\" class=\"attachment-woocommerce_thumbnail size-woocommerce_thumbnail\" alt=\"\" loading=\"lazy\" srcset=\"https:\/\/electrostrefa.pl\/wp-content\/uploads\/2021\/11\/remote.jpg-9-1-450x450.webp 450w, https:\/\/electrostrefa.pl\/wp-content\/uploads\/2021\/11\/remote.jpg-9-1-300x300.webp 300w, https:\/\/electrostrefa.pl\/wp-content\/uploads\/2021\/11\/remote.jpg-9-1-150x150.webp 150w, https:\/\/electrostrefa.pl\/wp-content\/uploads\/2021\/11\/remote.jpg-9-1-768x768.webp 768w, https:\/\/electrostrefa.pl\/wp-content\/uploads\/2021\/11\/remote.jpg-9-1-600x600.webp 600w, https:\/\/electrostrefa.pl\/wp-content\/uploads\/2021\/11\/remote.jpg-9-1-100x100.webp 100w, https:\/\/electrostrefa.pl\/wp-content\/uploads\/2021\/11\/remote.jpg-9-1.webp 1000w\" sizes=\"(max-width: 450px) 100vw, 450px\" style=\"width:100%;height:100%;max-width:1000px\" \/>\t\t\t\t\t\t\t\t\t\t\t\t\t\t\t<\/div>\n\t\t\t\t<\/div>\n\t\t\t\t\t<\/div>\n\t\t<\/div>\n\t\t\t\t<div class=\"elementor-column elementor-col-50 elementor-top-column elementor-element elementor-element-c3c9b32\" data-id=\"c3c9b32\" data-element_type=\"column\">\n\t\t\t<div class=\"elementor-widget-wrap elementor-element-populated\">\n\t\t\t\t\t\t\t\t<div class=\"elementor-element elementor-element-2181e37 elementor-widget elementor-widget-spacer\" data-id=\"2181e37\" data-element_type=\"widget\" data-widget_type=\"spacer.default\">\n\t\t\t\t<div class=\"elementor-widget-container\">\n\t\t\t\t\t<div class=\"elementor-spacer\">\n\t\t\t<div class=\"elementor-spacer-inner\"><\/div>\n\t\t<\/div>\n\t\t\t\t<\/div>\n\t\t\t\t<\/div>\n\t\t\t\t<div class=\"elementor-element elementor-element-86de609 elementor-widget elementor-widget-heading\" data-id=\"86de609\" data-element_type=\"widget\" data-widget_type=\"heading.default\">\n\t\t\t\t<div class=\"elementor-widget-container\">\n\t\t\t<h2 class=\"elementor-heading-title elementor-size-default\">RESTAURACYJNA JAKO\u015a\u0106 POTRAW W DOMU\n<\/h2>\t\t<\/div>\n\t\t\t\t<\/div>\n\t\t\t\t<div class=\"elementor-element elementor-element-c6963f9 elementor-widget elementor-widget-text-editor\" data-id=\"c6963f9\" data-element_type=\"widget\" data-widget_type=\"text-editor.default\">\n\t\t\t\t<div class=\"elementor-widget-container\">\n\t\t\t\t\t\t\t<p>Piekarnik <strong>SousVide<\/strong> umo\u017cliwia stosowanie profesjonalnej metody gotowania w domu, pozwalaj\u0105c przyrz\u0105dza\u0107 dania, kt\u00f3re przerosn\u0105 Twoje oczekiwania.<\/p><p>\u00a0<\/p>\t\t\t\t\t\t<\/div>\n\t\t\t\t<\/div>\n\t\t\t\t\t<\/div>\n\t\t<\/div>\n\t\t\t\t\t\t\t<\/div>\n\t\t<\/section>\n\t\t\t\t\t\t<\/div>\n\t\t\t\t\t<\/div>\n\t\t","protected":false},"excerpt":{"rendered":"<div class=\"benefit-area__item benefit-area__item--fifty-fifty\">\n<div class=\"fiftyfifty fiftyfifty--16x9 fiftyfifty-- \" data-component=\"FiftyFifty\">\n<div class=\"fiftyfifty__column fiftyfifty__column--text\">\n<div class=\"fiftyfifty__text\">\n<div class=\"fiftyfifty__rte\">\n<p style=\"text-align: center\">Piekarnik <strong>SteamPro 9000 Steamify\u00ae<\/strong> oferuje trzy tryby pieczenia \u2014 tradycyjny, parowy i \u0142\u0105czony, pozwalaj\u0105c przyrz\u0105dza\u0107 dania, kt\u00f3re przerosn\u0105 Twoje oczekiwania. Twoja kuchnia wzniesie si\u0119 na jeszcze wy\u017cszy poziom.<\/p>\n<\/div>\n<\/div>\n<\/div>\n<\/div>\n<\/div>\n<div class=\"benefit-area__item benefit-area__item--fifty-fifty\">\n<div class=\"fiftyfifty fiftyfifty--16x9 fiftyfifty-- fiftyfifty--flipped \" data-component=\"FiftyFifty\">\n<div class=\"fiftyfifty__column fiftyfifty__column--media\" style=\"text-align: center\"><\/div>\n<\/div>\n<\/div>\n","protected":false},"featured_media":653,"template":"","meta":{"_jet_sm_ready_style":"","_jet_sm_style":"","_jet_sm_controls_values":""},"product_cat":[28,94,46],"product_tag":[73,100,72,95],"_links":{"self":[{"href":"https:\/\/electrostrefa.pl\/index.php\/wp-json\/wp\/v2\/product\/615"}],"collection":[{"href":"https:\/\/electrostrefa.pl\/index.php\/wp-json\/wp\/v2\/product"}],"about":[{"href":"https:\/\/electrostrefa.pl\/index.php\/wp-json\/wp\/v2\/types\/product"}],"version-history":[{"count":14,"href":"https:\/\/electrostrefa.pl\/index.php\/wp-json\/wp\/v2\/product\/615\/revisions"}],"predecessor-version":[{"id":1659,"href":"https:\/\/electrostrefa.pl\/index.php\/wp-json\/wp\/v2\/product\/615\/revisions\/1659"}],"wp:featuredmedia":[{"embeddable":true,"href":"https:\/\/electrostrefa.pl\/index.php\/wp-json\/wp\/v2\/media\/653"}],"wp:attachment":[{"href":"https:\/\/electrostrefa.pl\/index.php\/wp-json\/wp\/v2\/media?parent=615"}],"wp:term":[{"taxonomy":"product_cat","embeddable":true,"href":"https:\/\/electrostrefa.pl\/index.php\/wp-json\/wp\/v2\/product_cat?post=615"},{"taxonomy":"product_tag","embeddable":true,"href":"https:\/\/electrostrefa.pl\/index.php\/wp-json\/wp\/v2\/product_tag?post=615"}],"curies":[{"name":"wp","href":"https:\/\/api.w.org\/{rel}","templated":true}]}}