{"id":590,"date":"2021-11-08T15:40:21","date_gmt":"2021-11-08T15:40:21","guid":{"rendered":"https:\/\/electrostrefa.pl\/?post_type=product&#038;p=590"},"modified":"2023-01-13T09:29:11","modified_gmt":"2023-01-13T09:29:11","slug":"liebherr-gn-1066","status":"publish","type":"product","link":"https:\/\/electrostrefa.pl\/index.php\/produkt\/liebherr-gn-1066\/","title":{"rendered":"Liebherr GN 1066"},"content":{"rendered":"\t\t<div data-elementor-type=\"product-post\" data-elementor-id=\"590\" class=\"elementor elementor-590\" data-elementor-settings=\"[]\">\n\t\t\t\t\t\t\t<div class=\"elementor-section-wrap\">\n\t\t\t\t\t\t\t<section class=\"elementor-section elementor-top-section elementor-element elementor-element-300535c elementor-section-boxed elementor-section-height-default elementor-section-height-default\" data-id=\"300535c\" data-element_type=\"section\">\n\t\t\t\t\t\t<div class=\"elementor-container elementor-column-gap-default\">\n\t\t\t\t\t<div class=\"elementor-column elementor-col-50 elementor-top-column elementor-element elementor-element-a7b8ca4\" data-id=\"a7b8ca4\" data-element_type=\"column\">\n\t\t\t<div class=\"elementor-widget-wrap elementor-element-populated\">\n\t\t\t\t\t\t\t\t<div class=\"elementor-element elementor-element-cd77f40 elementor-widget elementor-widget-image\" data-id=\"cd77f40\" data-element_type=\"widget\" data-widget_type=\"image.default\">\n\t\t\t\t<div class=\"elementor-widget-container\">\n\t\t\t<style>\/*! elementor - v3.5.5 - 03-02-2022 *\/\n.elementor-widget-image{text-align:center}.elementor-widget-image a{display:inline-block}.elementor-widget-image a img[src$=\".svg\"]{width:48px}.elementor-widget-image img{vertical-align:middle;display:inline-block}<\/style>\t\t\t\t\t\t\t\t\t\t\t\t<img width=\"450\" height=\"450\" src=\"https:\/\/electrostrefa.pl\/wp-content\/uploads\/2021\/11\/Screenshot_1-2-450x450.png\" class=\"attachment-woocommerce_thumbnail size-woocommerce_thumbnail\" alt=\"\" loading=\"lazy\" srcset=\"https:\/\/electrostrefa.pl\/wp-content\/uploads\/2021\/11\/Screenshot_1-2-450x450.png 450w, https:\/\/electrostrefa.pl\/wp-content\/uploads\/2021\/11\/Screenshot_1-2-150x150.png 150w, https:\/\/electrostrefa.pl\/wp-content\/uploads\/2021\/11\/Screenshot_1-2-100x100.png 100w\" sizes=\"(max-width: 450px) 100vw, 450px\" style=\"width:100%;height:96.47%;max-width:539px\" \/>\t\t\t\t\t\t\t\t\t\t\t\t\t\t\t<\/div>\n\t\t\t\t<\/div>\n\t\t\t\t\t<\/div>\n\t\t<\/div>\n\t\t\t\t<div class=\"elementor-column elementor-col-50 elementor-top-column elementor-element elementor-element-68281f6\" data-id=\"68281f6\" data-element_type=\"column\">\n\t\t\t<div class=\"elementor-widget-wrap elementor-element-populated\">\n\t\t\t\t\t\t\t\t<div class=\"elementor-element elementor-element-6572a7b elementor-widget elementor-widget-spacer\" data-id=\"6572a7b\" data-element_type=\"widget\" data-widget_type=\"spacer.default\">\n\t\t\t\t<div class=\"elementor-widget-container\">\n\t\t\t\t\t<div class=\"elementor-spacer\">\n\t\t\t<div class=\"elementor-spacer-inner\"><\/div>\n\t\t<\/div>\n\t\t\t\t<\/div>\n\t\t\t\t<\/div>\n\t\t\t\t<div class=\"elementor-element elementor-element-31355a1 elementor-widget elementor-widget-heading\" data-id=\"31355a1\" data-element_type=\"widget\" data-widget_type=\"heading.default\">\n\t\t\t\t<div class=\"elementor-widget-container\">\n\t\t\t<style>\/*! elementor - v3.5.5 - 03-02-2022 *\/\n.elementor-heading-title{padding:0;margin:0;line-height:1}.elementor-widget-heading .elementor-heading-title[class*=elementor-size-]>a{color:inherit;font-size:inherit;line-height:inherit}.elementor-widget-heading .elementor-heading-title.elementor-size-small{font-size:15px}.elementor-widget-heading .elementor-heading-title.elementor-size-medium{font-size:19px}.elementor-widget-heading .elementor-heading-title.elementor-size-large{font-size:29px}.elementor-widget-heading .elementor-heading-title.elementor-size-xl{font-size:39px}.elementor-widget-heading .elementor-heading-title.elementor-size-xxl{font-size:59px}<\/style><h2 class=\"elementor-heading-title elementor-size-default\">Technologia NoFrost<\/h2>\t\t<\/div>\n\t\t\t\t<\/div>\n\t\t\t\t<div class=\"elementor-element elementor-element-2d1c21e elementor-widget elementor-widget-text-editor\" data-id=\"2d1c21e\" data-element_type=\"widget\" data-widget_type=\"text-editor.default\">\n\t\t\t\t<div class=\"elementor-widget-container\">\n\t\t\t<style>\/*! elementor - v3.5.5 - 03-02-2022 *\/\n.elementor-widget-text-editor.elementor-drop-cap-view-stacked .elementor-drop-cap{background-color:#818a91;color:#fff}.elementor-widget-text-editor.elementor-drop-cap-view-framed .elementor-drop-cap{color:#818a91;border:3px solid;background-color:transparent}.elementor-widget-text-editor:not(.elementor-drop-cap-view-default) .elementor-drop-cap{margin-top:8px}.elementor-widget-text-editor:not(.elementor-drop-cap-view-default) .elementor-drop-cap-letter{width:1em;height:1em}.elementor-widget-text-editor .elementor-drop-cap{float:left;text-align:center;line-height:1;font-size:50px}.elementor-widget-text-editor .elementor-drop-cap-letter{display:inline-block}<\/style>\t\t\t\t<p>Urz\u0105dzenia <b>Liebherr <\/b>z technologi\u0105 <b>NoFrost<\/b> to zaawansowane rozwi\u0105zania zapewniaj\u0105ce d\u0142ugotrwa\u0142\u0105 <b>\u015bwie\u017co\u015b\u0107<\/b>. Za spraw\u0105 cyrkulacji zimnego powietrza <i>\u017cywno\u015b\u0107 zostaje zamro\u017cona<\/i>, a wilgo\u0107 jest odprowadzona na zewn\u0105trz. Dzi\u0119ki temu ani w zamra\u017carce, ani na przechowywanej \u017cywno\u015bci <i>nie osadza si\u0119 l\u00f3d<\/i>. Technologia <b>NoFrost<\/b> eliminuje potrzeb\u0119 rozmra\u017cania urz\u0105dze\u0144.<\/p>\t\t\t\t\t\t<\/div>\n\t\t\t\t<\/div>\n\t\t\t\t\t<\/div>\n\t\t<\/div>\n\t\t\t\t\t\t\t<\/div>\n\t\t<\/section>\n\t\t\t\t<section class=\"elementor-section elementor-top-section elementor-element elementor-element-6e83b32 elementor-section-boxed elementor-section-height-default elementor-section-height-default\" data-id=\"6e83b32\" data-element_type=\"section\">\n\t\t\t\t\t\t<div class=\"elementor-container elementor-column-gap-default\">\n\t\t\t\t\t<div class=\"elementor-column elementor-col-50 elementor-top-column elementor-element elementor-element-85b1836\" data-id=\"85b1836\" data-element_type=\"column\">\n\t\t\t<div class=\"elementor-widget-wrap elementor-element-populated\">\n\t\t\t\t\t\t\t\t<div class=\"elementor-element elementor-element-e32fc6f elementor-widget elementor-widget-spacer\" data-id=\"e32fc6f\" data-element_type=\"widget\" data-widget_type=\"spacer.default\">\n\t\t\t\t<div class=\"elementor-widget-container\">\n\t\t\t\t\t<div class=\"elementor-spacer\">\n\t\t\t<div class=\"elementor-spacer-inner\"><\/div>\n\t\t<\/div>\n\t\t\t\t<\/div>\n\t\t\t\t<\/div>\n\t\t\t\t<div class=\"elementor-element elementor-element-6608a4f elementor-widget elementor-widget-heading\" data-id=\"6608a4f\" data-element_type=\"widget\" data-widget_type=\"heading.default\">\n\t\t\t\t<div class=\"elementor-widget-container\">\n\t\t\t<h2 class=\"elementor-heading-title elementor-size-default\">Alarm  na drzwi<\/h2>\t\t<\/div>\n\t\t\t\t<\/div>\n\t\t\t\t<div class=\"elementor-element elementor-element-9105d88 elementor-widget elementor-widget-text-editor\" data-id=\"9105d88\" data-element_type=\"widget\" data-widget_type=\"text-editor.default\">\n\t\t\t\t<div class=\"elementor-widget-container\">\n\t\t\t\t\t\t\t<p style=\"text-align: center\"><b>Akustyczny alarm<\/b> drzwi uruchamia si\u0119 w sytuacji, gdy <i>drzwi zosta<\/i>n\u0105 otwarte na d\u0142u\u017cej ni\u017c 60 sekund, \u017ceby <b>chroni\u0107 <\/b>przechowywan\u0105 \u017cywno\u015b\u0107.<\/p>\t\t\t\t\t\t<\/div>\n\t\t\t\t<\/div>\n\t\t\t\t<div class=\"elementor-element elementor-element-9f04255 elementor-widget elementor-widget-heading\" data-id=\"9f04255\" data-element_type=\"widget\" data-widget_type=\"heading.default\">\n\t\t\t\t<div class=\"elementor-widget-container\">\n\t\t\t<h2 class=\"elementor-heading-title elementor-size-default\">Alarm temperatury<\/h2>\t\t<\/div>\n\t\t\t\t<\/div>\n\t\t\t\t<div class=\"elementor-element elementor-element-9cf9bed elementor-widget elementor-widget-text-editor\" data-id=\"9cf9bed\" data-element_type=\"widget\" data-widget_type=\"text-editor.default\">\n\t\t\t\t<div class=\"elementor-widget-container\">\n\t\t\t\t\t\t\t<p style=\"text-align: center\"><span style=\"color: #000000;font-family: text_regular, Arial, sans-serif;font-size: 16px\"><b>Alarmy temperatury<\/b>, wizualny i akustyczny, <em>natychmiast<\/em> informuj\u0105 o niezamierzonych\u00a0<\/span><span style=\"color: #000000;font-family: text_regular, Arial, sans-serif;font-size: 16px\">odchyleniach temperatury<\/span><span style=\"color: #000000;font-family: text_regular, Arial, sans-serif;font-size: 16px\">, np. w sytuacji <i>braku zasilania<\/i> lub gdy drzwi<i> pozostan\u0105 otwarte<\/i>.<\/span><\/p>\t\t\t\t\t\t<\/div>\n\t\t\t\t<\/div>\n\t\t\t\t\t<\/div>\n\t\t<\/div>\n\t\t\t\t<div class=\"elementor-column elementor-col-50 elementor-top-column elementor-element elementor-element-a795428\" data-id=\"a795428\" data-element_type=\"column\">\n\t\t\t<div class=\"elementor-widget-wrap elementor-element-populated\">\n\t\t\t\t\t\t\t\t<div class=\"elementor-element elementor-element-fd68428 elementor-widget elementor-widget-image\" data-id=\"fd68428\" data-element_type=\"widget\" data-widget_type=\"image.default\">\n\t\t\t\t<div class=\"elementor-widget-container\">\n\t\t\t\t\t\t\t\t\t\t\t\t\t\t\t<img width=\"387\" height=\"450\" src=\"https:\/\/electrostrefa.pl\/wp-content\/uploads\/2021\/11\/Screenshot_5-1-e1636377071398.png\" class=\"attachment-large size-large\" alt=\"\" loading=\"lazy\" style=\"width:100%;height:116.28%;max-width:387px\" \/>\t\t\t\t\t\t\t\t\t\t\t\t\t\t\t<\/div>\n\t\t\t\t<\/div>\n\t\t\t\t\t<\/div>\n\t\t<\/div>\n\t\t\t\t\t\t\t<\/div>\n\t\t<\/section>\n\t\t\t\t\t\t<\/div>\n\t\t\t\t\t<\/div>\n\t\t","protected":false},"excerpt":{"rendered":"<p style=\"text-align: center\"><strong>Liebherr NoFrost<\/strong> zapewnia<strong> profesjonaln\u0105 jako\u015b\u0107<\/strong> ch\u0142odzenia oraz gwarantuje d\u0142ugotrwa\u0142\u0105 \u015bwie\u017co\u015b\u0107 produkt\u00f3w. Produkty zamra\u017cane s\u0105 o<strong>biegowym powietrzem ch\u0142odz\u0105cym<\/strong>, a wilgo\u0107 odprowadzana jest na zewn\u0105trz. Dzi\u0119ki temu w <em>zamra\u017carce nie tworzy si\u0119 zb\u0119dny l\u00f3d<\/em>, a produkty spo\u017cywcze nie ulegaj\u0105 oszronieniu.<\/p>\n","protected":false},"featured_media":633,"template":"","meta":{"_jet_sm_ready_style":"","_jet_sm_style":"","_jet_sm_controls_values":""},"product_cat":[15,27,57],"product_tag":[101,81,83],"_links":{"self":[{"href":"https:\/\/electrostrefa.pl\/index.php\/wp-json\/wp\/v2\/product\/590"}],"collection":[{"href":"https:\/\/electrostrefa.pl\/index.php\/wp-json\/wp\/v2\/product"}],"about":[{"href":"https:\/\/electrostrefa.pl\/index.php\/wp-json\/wp\/v2\/types\/product"}],"version-history":[{"count":14,"href":"https:\/\/electrostrefa.pl\/index.php\/wp-json\/wp\/v2\/product\/590\/revisions"}],"predecessor-version":[{"id":839,"href":"https:\/\/electrostrefa.pl\/index.php\/wp-json\/wp\/v2\/product\/590\/revisions\/839"}],"wp:featuredmedia":[{"embeddable":true,"href":"https:\/\/electrostrefa.pl\/index.php\/wp-json\/wp\/v2\/media\/633"}],"wp:attachment":[{"href":"https:\/\/electrostrefa.pl\/index.php\/wp-json\/wp\/v2\/media?parent=590"}],"wp:term":[{"taxonomy":"product_cat","embeddable":true,"href":"https:\/\/electrostrefa.pl\/index.php\/wp-json\/wp\/v2\/product_cat?post=590"},{"taxonomy":"product_tag","embeddable":true,"href":"https:\/\/electrostrefa.pl\/index.php\/wp-json\/wp\/v2\/product_tag?post=590"}],"curies":[{"name":"wp","href":"https:\/\/api.w.org\/{rel}","templated":true}]}}