{"id":530,"date":"2021-11-04T15:31:05","date_gmt":"2021-11-04T15:31:05","guid":{"rendered":"https:\/\/electrostrefa.pl\/?post_type=product&#038;p=530"},"modified":"2025-03-18T22:02:51","modified_gmt":"2025-03-18T22:02:51","slug":"plyta-indukcyjna-aeg-ike64450fb-multiplebridge-slim-fit-60-cm","status":"publish","type":"product","link":"https:\/\/electrostrefa.pl\/index.php\/produkt\/plyta-indukcyjna-aeg-ike64450fb-multiplebridge-slim-fit-60-cm\/","title":{"rendered":"P\u0141YTA INDUKCYJNA AEG IKE64450FB SLIM-FIT 60 CM"},"content":{"rendered":"\t\t<div data-elementor-type=\"product-post\" data-elementor-id=\"530\" class=\"elementor elementor-530\" data-elementor-settings=\"[]\">\n\t\t\t\t\t\t\t<div class=\"elementor-section-wrap\">\n\t\t\t\t\t\t\t<section class=\"elementor-section elementor-top-section elementor-element elementor-element-e47773d elementor-section-boxed elementor-section-height-default elementor-section-height-default\" data-id=\"e47773d\" data-element_type=\"section\" data-settings=\"{&quot;background_background&quot;:&quot;classic&quot;}\">\n\t\t\t\t\t\t<div class=\"elementor-container elementor-column-gap-default\">\n\t\t\t\t\t<div class=\"elementor-column elementor-col-100 elementor-top-column elementor-element elementor-element-8e2e5eb\" data-id=\"8e2e5eb\" data-element_type=\"column\">\n\t\t\t<div class=\"elementor-widget-wrap elementor-element-populated\">\n\t\t\t\t\t\t\t\t<div class=\"elementor-element elementor-element-35edc6f elementor-widget elementor-widget-heading\" data-id=\"35edc6f\" data-element_type=\"widget\" data-widget_type=\"heading.default\">\n\t\t\t\t<div class=\"elementor-widget-container\">\n\t\t\t<style>\/*! elementor - v3.5.5 - 03-02-2022 *\/\n.elementor-heading-title{padding:0;margin:0;line-height:1}.elementor-widget-heading .elementor-heading-title[class*=elementor-size-]>a{color:inherit;font-size:inherit;line-height:inherit}.elementor-widget-heading .elementor-heading-title.elementor-size-small{font-size:15px}.elementor-widget-heading .elementor-heading-title.elementor-size-medium{font-size:19px}.elementor-widget-heading .elementor-heading-title.elementor-size-large{font-size:29px}.elementor-widget-heading .elementor-heading-title.elementor-size-xl{font-size:39px}.elementor-widget-heading .elementor-heading-title.elementor-size-xxl{font-size:59px}<\/style><h2 class=\"elementor-heading-title elementor-size-default\">Wi\u0119cej miejsca, lepszy smak, za jednym razem.\n<\/h2>\t\t<\/div>\n\t\t\t\t<\/div>\n\t\t\t\t<div class=\"elementor-element elementor-element-eb0529d elementor-widget elementor-widget-text-editor\" data-id=\"eb0529d\" data-element_type=\"widget\" data-widget_type=\"text-editor.default\">\n\t\t\t\t<div class=\"elementor-widget-container\">\n\t\t\t<style>\/*! elementor - v3.5.5 - 03-02-2022 *\/\n.elementor-widget-text-editor.elementor-drop-cap-view-stacked .elementor-drop-cap{background-color:#818a91;color:#fff}.elementor-widget-text-editor.elementor-drop-cap-view-framed .elementor-drop-cap{color:#818a91;border:3px solid;background-color:transparent}.elementor-widget-text-editor:not(.elementor-drop-cap-view-default) .elementor-drop-cap{margin-top:8px}.elementor-widget-text-editor:not(.elementor-drop-cap-view-default) .elementor-drop-cap-letter{width:1em;height:1em}.elementor-widget-text-editor .elementor-drop-cap{float:left;text-align:center;line-height:1;font-size:50px}.elementor-widget-text-editor .elementor-drop-cap-letter{display:inline-block}<\/style>\t\t\t\t<p>Utw\u00f3rz kilka du\u017cych powierzchni gotowania, korzystaj\u0105c z funkcji <strong>Multiple Bridge<\/strong> p\u0142yty indukcyjnej <strong>AEG<\/strong>. Za dotkni\u0119ciem przycisku mo\u017cesz po\u0142\u0105czy\u0107 dwa pola grzejne, aby uzyska\u0107 jedn\u0105 wi\u0119ksz\u0105 powierzchni\u0119 do gotowania. Dzi\u0119ki automatycznej synchronizacji ustawie\u0144 temperatury i czasu jest to optymalne rozwi\u0105zanie do gotowania w du\u017cych naczyniach.<\/p><p>\u00a0<\/p>\t\t\t\t\t\t<\/div>\n\t\t\t\t<\/div>\n\t\t\t\t\t<\/div>\n\t\t<\/div>\n\t\t\t\t\t\t\t<\/div>\n\t\t<\/section>\n\t\t\t\t<section class=\"elementor-section elementor-top-section elementor-element elementor-element-2e94032 elementor-section-boxed elementor-section-height-default elementor-section-height-default\" data-id=\"2e94032\" data-element_type=\"section\">\n\t\t\t\t\t\t<div class=\"elementor-container elementor-column-gap-default\">\n\t\t\t\t\t<div class=\"elementor-column elementor-col-50 elementor-top-column elementor-element elementor-element-da188de\" data-id=\"da188de\" data-element_type=\"column\">\n\t\t\t<div class=\"elementor-widget-wrap elementor-element-populated\">\n\t\t\t\t\t\t\t\t<div class=\"elementor-element elementor-element-0ee2319 elementor-widget elementor-widget-image\" data-id=\"0ee2319\" data-element_type=\"widget\" data-widget_type=\"image.default\">\n\t\t\t\t<div class=\"elementor-widget-container\">\n\t\t\t<style>\/*! elementor - v3.5.5 - 03-02-2022 *\/\n.elementor-widget-image{text-align:center}.elementor-widget-image a{display:inline-block}.elementor-widget-image a img[src$=\".svg\"]{width:48px}.elementor-widget-image img{vertical-align:middle;display:inline-block}<\/style>\t\t\t\t\t\t\t\t\t\t\t\t<img width=\"450\" height=\"450\" src=\"https:\/\/electrostrefa.pl\/wp-content\/uploads\/2021\/11\/2-450x450.png\" class=\"attachment-woocommerce_thumbnail size-woocommerce_thumbnail\" alt=\"\" loading=\"lazy\" srcset=\"https:\/\/electrostrefa.pl\/wp-content\/uploads\/2021\/11\/2-450x450.png 450w, https:\/\/electrostrefa.pl\/wp-content\/uploads\/2021\/11\/2-300x300.png 300w, https:\/\/electrostrefa.pl\/wp-content\/uploads\/2021\/11\/2-150x150.png 150w, https:\/\/electrostrefa.pl\/wp-content\/uploads\/2021\/11\/2-600x600.png 600w, https:\/\/electrostrefa.pl\/wp-content\/uploads\/2021\/11\/2-100x100.png 100w, https:\/\/electrostrefa.pl\/wp-content\/uploads\/2021\/11\/2.png 700w\" sizes=\"(max-width: 450px) 100vw, 450px\" style=\"width:100%;height:100%;max-width:700px\" \/>\t\t\t\t\t\t\t\t\t\t\t\t\t\t\t<\/div>\n\t\t\t\t<\/div>\n\t\t\t\t\t<\/div>\n\t\t<\/div>\n\t\t\t\t<div class=\"elementor-column elementor-col-50 elementor-top-column elementor-element elementor-element-1c61600\" data-id=\"1c61600\" data-element_type=\"column\">\n\t\t\t<div class=\"elementor-widget-wrap elementor-element-populated\">\n\t\t\t\t\t\t\t\t<div class=\"elementor-element elementor-element-cab743f elementor-widget elementor-widget-spacer\" data-id=\"cab743f\" data-element_type=\"widget\" data-widget_type=\"spacer.default\">\n\t\t\t\t<div class=\"elementor-widget-container\">\n\t\t\t\t\t<div class=\"elementor-spacer\">\n\t\t\t<div class=\"elementor-spacer-inner\"><\/div>\n\t\t<\/div>\n\t\t\t\t<\/div>\n\t\t\t\t<\/div>\n\t\t\t\t<div class=\"elementor-element elementor-element-f2529b5 elementor-widget elementor-widget-heading\" data-id=\"f2529b5\" data-element_type=\"widget\" data-widget_type=\"heading.default\">\n\t\t\t\t<div class=\"elementor-widget-container\">\n\t\t\t<h2 class=\"elementor-heading-title elementor-size-default\">Elastyczne gotowanie z p\u0142yt\u0105 MaxiSense\u00ae\n<\/h2>\t\t<\/div>\n\t\t\t\t<\/div>\n\t\t\t\t<div class=\"elementor-element elementor-element-68734b6 elementor-widget elementor-widget-text-editor\" data-id=\"68734b6\" data-element_type=\"widget\" data-widget_type=\"text-editor.default\">\n\t\t\t\t<div class=\"elementor-widget-container\">\n\t\t\t\t\t\t\t<p>Aby zapewni\u0107 najwy\u017cszy poziom elastyczno\u015bci, pola grzejne p\u0142yty indukcyjnej automatycznie dostosowuj\u0105 si\u0119 do rozmiar\u00f3w naczy\u0144, co zapewnia doskona\u0142e efekty gotowania niezale\u017cnie od wielko\u015bci lub po\u0142o\u017cenia naczynia.<\/p>\t\t\t\t\t\t<\/div>\n\t\t\t\t<\/div>\n\t\t\t\t\t<\/div>\n\t\t<\/div>\n\t\t\t\t\t\t\t<\/div>\n\t\t<\/section>\n\t\t\t\t<section class=\"elementor-section elementor-top-section elementor-element elementor-element-bd1cdb8 elementor-section-boxed elementor-section-height-default elementor-section-height-default\" data-id=\"bd1cdb8\" data-element_type=\"section\" data-settings=\"{&quot;background_background&quot;:&quot;classic&quot;}\">\n\t\t\t\t\t\t<div class=\"elementor-container elementor-column-gap-default\">\n\t\t\t\t\t<div class=\"elementor-column elementor-col-100 elementor-top-column elementor-element elementor-element-6e098eb\" data-id=\"6e098eb\" data-element_type=\"column\">\n\t\t\t<div class=\"elementor-widget-wrap elementor-element-populated\">\n\t\t\t\t\t\t\t\t<div class=\"elementor-element elementor-element-6a608ed elementor-widget elementor-widget-heading\" data-id=\"6a608ed\" data-element_type=\"widget\" data-widget_type=\"heading.default\">\n\t\t\t\t<div class=\"elementor-widget-container\">\n\t\t\t<h2 class=\"elementor-heading-title elementor-size-default\">PODW\u00d3JNY BRIDGE. POZWALA LEPIEJ WYKORZYSTA\u0106 P\u0141YT\u0118 GRZEWCZ\u0104\n<\/h2>\t\t<\/div>\n\t\t\t\t<\/div>\n\t\t\t\t<div class=\"elementor-element elementor-element-98517a8 elementor-widget elementor-widget-text-editor\" data-id=\"98517a8\" data-element_type=\"widget\" data-widget_type=\"text-editor.default\">\n\t\t\t\t<div class=\"elementor-widget-container\">\n\t\t\t\t\t\t\t<p>Dzi\u0119ki funkcji Podw\u00f3jny<strong> Bridge<\/strong> mo\u017cesz \u0142\u0105czy\u0107 dwie strefy gotowania w dw\u00f3ch r\u00f3\u017cnych obszarach p\u0142yty. Funkcja ta jest idealna dla naczy\u0144 o r\u00f3\u017cnych rozmiarach, a tak\u017ce wyr\u00f3wnuje ustawienia temperatury i czasu, zapewniaj\u0105c maksymaln\u0105 elastyczno\u015b\u0107 w kuchni.<\/p>\t\t\t\t\t\t<\/div>\n\t\t\t\t<\/div>\n\t\t\t\t\t<\/div>\n\t\t<\/div>\n\t\t\t\t\t\t\t<\/div>\n\t\t<\/section>\n\t\t\t\t<section class=\"elementor-section elementor-top-section elementor-element elementor-element-08c2279 elementor-section-boxed elementor-section-height-default elementor-section-height-default\" data-id=\"08c2279\" data-element_type=\"section\">\n\t\t\t\t\t\t<div class=\"elementor-container elementor-column-gap-default\">\n\t\t\t\t\t<div class=\"elementor-column elementor-col-33 elementor-top-column elementor-element elementor-element-d746a51\" data-id=\"d746a51\" data-element_type=\"column\">\n\t\t\t<div class=\"elementor-widget-wrap elementor-element-populated\">\n\t\t\t\t\t\t\t\t<div class=\"elementor-element elementor-element-d626146 elementor-widget elementor-widget-spacer\" data-id=\"d626146\" data-element_type=\"widget\" data-widget_type=\"spacer.default\">\n\t\t\t\t<div class=\"elementor-widget-container\">\n\t\t\t\t\t<div class=\"elementor-spacer\">\n\t\t\t<div class=\"elementor-spacer-inner\"><\/div>\n\t\t<\/div>\n\t\t\t\t<\/div>\n\t\t\t\t<\/div>\n\t\t\t\t<div class=\"elementor-element elementor-element-9a8478d elementor-widget elementor-widget-heading\" data-id=\"9a8478d\" data-element_type=\"widget\" data-widget_type=\"heading.default\">\n\t\t\t\t<div class=\"elementor-widget-container\">\n\t\t\t<h2 class=\"elementor-heading-title elementor-size-default\">PRZYCISKI REGULACJI MOCY - USTAW OD RAZU \u017b\u0104DAN\u0104 TEMPERATUR\u0118<\/h2>\t\t<\/div>\n\t\t\t\t<\/div>\n\t\t\t\t<div class=\"elementor-element elementor-element-9f4ddef elementor-widget elementor-widget-text-editor\" data-id=\"9f4ddef\" data-element_type=\"widget\" data-widget_type=\"text-editor.default\">\n\t\t\t\t<div class=\"elementor-widget-container\">\n\t\t\t\t\t\t\t<p>Elementy regulacyjne pozwalaj\u0105 na bezpo\u015brednie ustawienie \u017c\u0105danej temperatury. Przesuwaj\u0105c palec, wystarczy tylko wybra\u0107 odpowiedni poziom mocy na elemencie sterowania.<\/p><div class=\"fiftyfifty__column fiftyfifty__column--text\"><div class=\"fiftyfifty__text\">\u00a0<\/div><\/div>\t\t\t\t\t\t<\/div>\n\t\t\t\t<\/div>\n\t\t\t\t\t<\/div>\n\t\t<\/div>\n\t\t\t\t<div class=\"elementor-column elementor-col-33 elementor-top-column elementor-element elementor-element-a256ab3\" data-id=\"a256ab3\" data-element_type=\"column\">\n\t\t\t<div class=\"elementor-widget-wrap elementor-element-populated\">\n\t\t\t\t\t\t\t\t<div class=\"elementor-element elementor-element-feb8389 elementor-widget elementor-widget-image\" data-id=\"feb8389\" data-element_type=\"widget\" data-widget_type=\"image.default\">\n\t\t\t\t<div class=\"elementor-widget-container\">\n\t\t\t\t\t\t\t\t\t\t\t\t\t\t\t<img width=\"450\" height=\"450\" src=\"https:\/\/electrostrefa.pl\/wp-content\/uploads\/2021\/11\/03-450x450.png\" class=\"attachment-woocommerce_thumbnail size-woocommerce_thumbnail\" alt=\"\" loading=\"lazy\" srcset=\"https:\/\/electrostrefa.pl\/wp-content\/uploads\/2021\/11\/03-450x450.png 450w, https:\/\/electrostrefa.pl\/wp-content\/uploads\/2021\/11\/03-300x300.png 300w, https:\/\/electrostrefa.pl\/wp-content\/uploads\/2021\/11\/03-150x150.png 150w, https:\/\/electrostrefa.pl\/wp-content\/uploads\/2021\/11\/03-768x768.png 768w, https:\/\/electrostrefa.pl\/wp-content\/uploads\/2021\/11\/03-600x600.png 600w, https:\/\/electrostrefa.pl\/wp-content\/uploads\/2021\/11\/03-100x100.png 100w, https:\/\/electrostrefa.pl\/wp-content\/uploads\/2021\/11\/03.png 1000w\" sizes=\"(max-width: 450px) 100vw, 450px\" style=\"width:100%;height:100%;max-width:1000px\" \/>\t\t\t\t\t\t\t\t\t\t\t\t\t\t\t<\/div>\n\t\t\t\t<\/div>\n\t\t\t\t\t<\/div>\n\t\t<\/div>\n\t\t\t\t<div class=\"elementor-column elementor-col-33 elementor-top-column elementor-element elementor-element-11986ec\" data-id=\"11986ec\" data-element_type=\"column\">\n\t\t\t<div class=\"elementor-widget-wrap elementor-element-populated\">\n\t\t\t\t\t\t\t\t<div class=\"elementor-element elementor-element-5d0f30b elementor-widget elementor-widget-spacer\" data-id=\"5d0f30b\" data-element_type=\"widget\" data-widget_type=\"spacer.default\">\n\t\t\t\t<div class=\"elementor-widget-container\">\n\t\t\t\t\t<div class=\"elementor-spacer\">\n\t\t\t<div class=\"elementor-spacer-inner\"><\/div>\n\t\t<\/div>\n\t\t\t\t<\/div>\n\t\t\t\t<\/div>\n\t\t\t\t<div class=\"elementor-element elementor-element-28d9411 elementor-widget elementor-widget-heading\" data-id=\"28d9411\" data-element_type=\"widget\" data-widget_type=\"heading.default\">\n\t\t\t\t<div class=\"elementor-widget-container\">\n\t\t\t<h2 class=\"elementor-heading-title elementor-size-default\">SPRZ\u0104TAJ PODCZAS GOTOWANIA<\/h2>\t\t<\/div>\n\t\t\t\t<\/div>\n\t\t\t\t<div class=\"elementor-element elementor-element-9630972 elementor-widget elementor-widget-text-editor\" data-id=\"9630972\" data-element_type=\"widget\" data-widget_type=\"text-editor.default\">\n\t\t\t\t<div class=\"elementor-widget-container\">\n\t\t\t\t\t\t\t<p>Poniewa\u017c powierzchnia wok\u00f3\u0142 patelni pozostaje ch\u0142odna, mo\u017cesz od razu usun\u0105\u0107 wszystkie ewentualne zanieczyszczenia powsta\u0142e podczas gotowania. Nic si\u0119 nie przypali i \u017caden brud si\u0119 nie ukryje.<\/p><p>\u00a0<\/p>\t\t\t\t\t\t<\/div>\n\t\t\t\t<\/div>\n\t\t\t\t\t<\/div>\n\t\t<\/div>\n\t\t\t\t\t\t\t<\/div>\n\t\t<\/section>\n\t\t\t\t<section class=\"elementor-section elementor-top-section elementor-element elementor-element-0a3477b elementor-section-boxed elementor-section-height-default elementor-section-height-default\" data-id=\"0a3477b\" data-element_type=\"section\">\n\t\t\t\t\t\t<div class=\"elementor-container elementor-column-gap-default\">\n\t\t\t\t\t<div class=\"elementor-column elementor-col-50 elementor-top-column elementor-element elementor-element-374aba7\" data-id=\"374aba7\" data-element_type=\"column\">\n\t\t\t<div class=\"elementor-widget-wrap elementor-element-populated\">\n\t\t\t\t\t\t\t\t<div class=\"elementor-element elementor-element-f94afcd elementor-widget elementor-widget-spacer\" data-id=\"f94afcd\" data-element_type=\"widget\" data-widget_type=\"spacer.default\">\n\t\t\t\t<div class=\"elementor-widget-container\">\n\t\t\t\t\t<div class=\"elementor-spacer\">\n\t\t\t<div class=\"elementor-spacer-inner\"><\/div>\n\t\t<\/div>\n\t\t\t\t<\/div>\n\t\t\t\t<\/div>\n\t\t\t\t<div class=\"elementor-element elementor-element-1b3a0b5 elementor-widget elementor-widget-heading\" data-id=\"1b3a0b5\" data-element_type=\"widget\" data-widget_type=\"heading.default\">\n\t\t\t\t<div class=\"elementor-widget-container\">\n\t\t\t<h2 class=\"elementor-heading-title elementor-size-default\">MAKSYMALNA MOC, GDY TYLKO POTRZEBUJESZ\n<\/h2>\t\t<\/div>\n\t\t\t\t<\/div>\n\t\t\t\t<div class=\"elementor-element elementor-element-0dea062 elementor-widget elementor-widget-text-editor\" data-id=\"0dea062\" data-element_type=\"widget\" data-widget_type=\"text-editor.default\">\n\t\t\t\t<div class=\"elementor-widget-container\">\n\t\t\t\t\t\t\t<p>Funkcja wzmocnienia mocy przydaje si\u0119, gdy musisz szybko uzyska\u0107 wysok\u0105 temperatur\u0119. Pozwala ona na bardzo szybkie podgrzewanie potraw.<\/p><p>\u00a0<\/p>\t\t\t\t\t\t<\/div>\n\t\t\t\t<\/div>\n\t\t\t\t\t<\/div>\n\t\t<\/div>\n\t\t\t\t<div class=\"elementor-column elementor-col-50 elementor-top-column elementor-element elementor-element-4a2ff92\" data-id=\"4a2ff92\" data-element_type=\"column\">\n\t\t\t<div class=\"elementor-widget-wrap elementor-element-populated\">\n\t\t\t\t\t\t\t\t<div class=\"elementor-element elementor-element-178a725 elementor-widget elementor-widget-image\" data-id=\"178a725\" data-element_type=\"widget\" data-widget_type=\"image.default\">\n\t\t\t\t<div class=\"elementor-widget-container\">\n\t\t\t\t\t\t\t\t\t\t\t\t\t\t\t<img width=\"450\" height=\"450\" src=\"https:\/\/electrostrefa.pl\/wp-content\/uploads\/2021\/11\/04-450x450.png\" class=\"attachment-woocommerce_thumbnail size-woocommerce_thumbnail\" alt=\"\" loading=\"lazy\" srcset=\"https:\/\/electrostrefa.pl\/wp-content\/uploads\/2021\/11\/04-450x450.png 450w, https:\/\/electrostrefa.pl\/wp-content\/uploads\/2021\/11\/04-300x300.png 300w, https:\/\/electrostrefa.pl\/wp-content\/uploads\/2021\/11\/04-150x150.png 150w, https:\/\/electrostrefa.pl\/wp-content\/uploads\/2021\/11\/04-768x768.png 768w, https:\/\/electrostrefa.pl\/wp-content\/uploads\/2021\/11\/04-600x600.png 600w, https:\/\/electrostrefa.pl\/wp-content\/uploads\/2021\/11\/04-100x100.png 100w, https:\/\/electrostrefa.pl\/wp-content\/uploads\/2021\/11\/04.png 1000w\" sizes=\"(max-width: 450px) 100vw, 450px\" style=\"width:100%;height:100%;max-width:1000px\" \/>\t\t\t\t\t\t\t\t\t\t\t\t\t\t\t<\/div>\n\t\t\t\t<\/div>\n\t\t\t\t\t<\/div>\n\t\t<\/div>\n\t\t\t\t\t\t\t<\/div>\n\t\t<\/section>\n\t\t\t\t<section class=\"elementor-section elementor-top-section elementor-element elementor-element-ff00ce1 elementor-section-boxed elementor-section-height-default elementor-section-height-default\" data-id=\"ff00ce1\" data-element_type=\"section\">\n\t\t\t\t\t\t<div class=\"elementor-container elementor-column-gap-default\">\n\t\t\t\t\t<div class=\"elementor-column elementor-col-50 elementor-top-column elementor-element elementor-element-753a80a\" data-id=\"753a80a\" data-element_type=\"column\">\n\t\t\t<div class=\"elementor-widget-wrap elementor-element-populated\">\n\t\t\t\t\t\t\t\t<div class=\"elementor-element elementor-element-e01f075 elementor-widget elementor-widget-image\" data-id=\"e01f075\" data-element_type=\"widget\" data-widget_type=\"image.default\">\n\t\t\t\t<div class=\"elementor-widget-container\">\n\t\t\t\t\t\t\t\t\t\t\t\t\t\t\t<img width=\"450\" height=\"450\" src=\"https:\/\/electrostrefa.pl\/wp-content\/uploads\/2021\/11\/schemat-450x450.png\" class=\"attachment-woocommerce_thumbnail size-woocommerce_thumbnail\" alt=\"\" loading=\"lazy\" srcset=\"https:\/\/electrostrefa.pl\/wp-content\/uploads\/2021\/11\/schemat-450x450.png 450w, https:\/\/electrostrefa.pl\/wp-content\/uploads\/2021\/11\/schemat-300x300.png 300w, https:\/\/electrostrefa.pl\/wp-content\/uploads\/2021\/11\/schemat-150x150.png 150w, https:\/\/electrostrefa.pl\/wp-content\/uploads\/2021\/11\/schemat-600x600.png 600w, https:\/\/electrostrefa.pl\/wp-content\/uploads\/2021\/11\/schemat-100x100.png 100w, https:\/\/electrostrefa.pl\/wp-content\/uploads\/2021\/11\/schemat.png 700w\" sizes=\"(max-width: 450px) 100vw, 450px\" style=\"width:100%;height:100%;max-width:700px\" \/>\t\t\t\t\t\t\t\t\t\t\t\t\t\t\t<\/div>\n\t\t\t\t<\/div>\n\t\t\t\t\t<\/div>\n\t\t<\/div>\n\t\t\t\t<div class=\"elementor-column elementor-col-50 elementor-top-column elementor-element elementor-element-4f6dee7\" data-id=\"4f6dee7\" data-element_type=\"column\">\n\t\t\t<div class=\"elementor-widget-wrap elementor-element-populated\">\n\t\t\t\t\t\t\t\t<div class=\"elementor-element elementor-element-ed47584 elementor-widget elementor-widget-spacer\" data-id=\"ed47584\" data-element_type=\"widget\" data-widget_type=\"spacer.default\">\n\t\t\t\t<div class=\"elementor-widget-container\">\n\t\t\t\t\t<div class=\"elementor-spacer\">\n\t\t\t<div class=\"elementor-spacer-inner\"><\/div>\n\t\t<\/div>\n\t\t\t\t<\/div>\n\t\t\t\t<\/div>\n\t\t\t\t<div class=\"elementor-element elementor-element-9142334 elementor-widget elementor-widget-heading\" data-id=\"9142334\" data-element_type=\"widget\" data-widget_type=\"heading.default\">\n\t\t\t\t<div class=\"elementor-widget-container\">\n\t\t\t<h2 class=\"elementor-heading-title elementor-size-default\">PRECYZYJNE USTAWIENIA\n<\/h2>\t\t<\/div>\n\t\t\t\t<\/div>\n\t\t\t\t<div class=\"elementor-element elementor-element-92fc68d elementor-widget elementor-widget-text-editor\" data-id=\"92fc68d\" data-element_type=\"widget\" data-widget_type=\"text-editor.default\">\n\t\t\t\t<div class=\"elementor-widget-container\">\n\t\t\t\t\t\t\t<p>Aktywuj funkcj\u0119 klucza, aby zabezpieczy\u0107 swoje ustawienia. Czas, temperatura i inne dane mog\u0105 zosta\u0107 zachowane za jednym dotkni\u0119ciem przycisku. Nie ma mo\u017cliwo\u015bci przypadkowej zmiany ustawie\u0144, np. podczas czyszczenia powierzchni p\u0142yty.<\/p><p>\u00a0<\/p>\t\t\t\t\t\t<\/div>\n\t\t\t\t<\/div>\n\t\t\t\t\t<\/div>\n\t\t<\/div>\n\t\t\t\t\t\t\t<\/div>\n\t\t<\/section>\n\t\t\t\t\t\t<\/div>\n\t\t\t\t\t<\/div>\n\t\t","protected":false},"excerpt":{"rendered":"<p style=\"text-align: center\">Bezramkowa p\u0142yta indukcyjna <strong>MaxiSense\u00ae<\/strong> SLIM-FIT z funkcj\u0105 <strong>MultipleBridge<\/strong> i opcj\u0105 <strong>Booster<\/strong>.<\/p>\n","protected":false},"featured_media":545,"template":"","meta":{"_jet_sm_ready_style":"","_jet_sm_style":"","_jet_sm_controls_values":""},"product_cat":[28,66,47],"product_tag":[90,87,88,89],"_links":{"self":[{"href":"https:\/\/electrostrefa.pl\/index.php\/wp-json\/wp\/v2\/product\/530"}],"collection":[{"href":"https:\/\/electrostrefa.pl\/index.php\/wp-json\/wp\/v2\/product"}],"about":[{"href":"https:\/\/electrostrefa.pl\/index.php\/wp-json\/wp\/v2\/types\/product"}],"version-history":[{"count":11,"href":"https:\/\/electrostrefa.pl\/index.php\/wp-json\/wp\/v2\/product\/530\/revisions"}],"predecessor-version":[{"id":1655,"href":"https:\/\/electrostrefa.pl\/index.php\/wp-json\/wp\/v2\/product\/530\/revisions\/1655"}],"wp:featuredmedia":[{"embeddable":true,"href":"https:\/\/electrostrefa.pl\/index.php\/wp-json\/wp\/v2\/media\/545"}],"wp:attachment":[{"href":"https:\/\/electrostrefa.pl\/index.php\/wp-json\/wp\/v2\/media?parent=530"}],"wp:term":[{"taxonomy":"product_cat","embeddable":true,"href":"https:\/\/electrostrefa.pl\/index.php\/wp-json\/wp\/v2\/product_cat?post=530"},{"taxonomy":"product_tag","embeddable":true,"href":"https:\/\/electrostrefa.pl\/index.php\/wp-json\/wp\/v2\/product_tag?post=530"}],"curies":[{"name":"wp","href":"https:\/\/api.w.org\/{rel}","templated":true}]}}