{"id":430,"date":"2021-11-04T11:42:57","date_gmt":"2021-11-04T11:42:57","guid":{"rendered":"https:\/\/electrostrefa.pl\/?post_type=product&#038;p=430"},"modified":"2023-01-13T09:25:38","modified_gmt":"2023-01-13T09:25:38","slug":"liebherr-g-1223-21","status":"publish","type":"product","link":"https:\/\/electrostrefa.pl\/index.php\/produkt\/liebherr-g-1223-21\/","title":{"rendered":"Liebherr G 1223-21"},"content":{"rendered":"\t\t<div data-elementor-type=\"product-post\" data-elementor-id=\"430\" class=\"elementor elementor-430\" data-elementor-settings=\"[]\">\n\t\t\t\t\t\t\t<div class=\"elementor-section-wrap\">\n\t\t\t\t\t\t\t<section class=\"elementor-section elementor-top-section elementor-element elementor-element-ec6b48d elementor-section-boxed elementor-section-height-default elementor-section-height-default\" data-id=\"ec6b48d\" data-element_type=\"section\" data-settings=\"{&quot;background_background&quot;:&quot;classic&quot;}\">\n\t\t\t\t\t\t<div class=\"elementor-container elementor-column-gap-default\">\n\t\t\t\t\t<div class=\"elementor-column elementor-col-50 elementor-top-column elementor-element elementor-element-25a6a2b\" data-id=\"25a6a2b\" data-element_type=\"column\">\n\t\t\t<div class=\"elementor-widget-wrap elementor-element-populated\">\n\t\t\t\t\t\t\t\t<div class=\"elementor-element elementor-element-34f0334 elementor-widget elementor-widget-image\" data-id=\"34f0334\" data-element_type=\"widget\" data-widget_type=\"image.default\">\n\t\t\t\t<div class=\"elementor-widget-container\">\n\t\t\t<style>\/*! elementor - v3.5.5 - 03-02-2022 *\/\n.elementor-widget-image{text-align:center}.elementor-widget-image a{display:inline-block}.elementor-widget-image a img[src$=\".svg\"]{width:48px}.elementor-widget-image img{vertical-align:middle;display:inline-block}<\/style>\t\t\t\t\t\t\t\t\t\t\t\t<img width=\"378\" height=\"537\" src=\"https:\/\/electrostrefa.pl\/wp-content\/uploads\/2021\/11\/Screenshot_2452-removebg-preview-1.png\" class=\"attachment-large size-large\" alt=\"\" loading=\"lazy\" srcset=\"https:\/\/electrostrefa.pl\/wp-content\/uploads\/2021\/11\/Screenshot_2452-removebg-preview-1.png 378w, https:\/\/electrostrefa.pl\/wp-content\/uploads\/2021\/11\/Screenshot_2452-removebg-preview-1-211x300.png 211w\" sizes=\"(max-width: 378px) 100vw, 378px\" style=\"width:100%;height:142.06%;max-width:378px\" \/>\t\t\t\t\t\t\t\t\t\t\t\t\t\t\t<\/div>\n\t\t\t\t<\/div>\n\t\t\t\t\t<\/div>\n\t\t<\/div>\n\t\t\t\t<div class=\"elementor-column elementor-col-50 elementor-top-column elementor-element elementor-element-5ca2d90\" data-id=\"5ca2d90\" data-element_type=\"column\">\n\t\t\t<div class=\"elementor-widget-wrap elementor-element-populated\">\n\t\t\t\t\t\t\t\t<div class=\"elementor-element elementor-element-937d095 elementor-widget elementor-widget-spacer\" data-id=\"937d095\" data-element_type=\"widget\" data-widget_type=\"spacer.default\">\n\t\t\t\t<div class=\"elementor-widget-container\">\n\t\t\t\t\t<div class=\"elementor-spacer\">\n\t\t\t<div class=\"elementor-spacer-inner\"><\/div>\n\t\t<\/div>\n\t\t\t\t<\/div>\n\t\t\t\t<\/div>\n\t\t\t\t<div class=\"elementor-element elementor-element-2971179 elementor-widget elementor-widget-heading\" data-id=\"2971179\" data-element_type=\"widget\" data-widget_type=\"heading.default\">\n\t\t\t\t<div class=\"elementor-widget-container\">\n\t\t\t<style>\/*! elementor - v3.5.5 - 03-02-2022 *\/\n.elementor-heading-title{padding:0;margin:0;line-height:1}.elementor-widget-heading .elementor-heading-title[class*=elementor-size-]>a{color:inherit;font-size:inherit;line-height:inherit}.elementor-widget-heading .elementor-heading-title.elementor-size-small{font-size:15px}.elementor-widget-heading .elementor-heading-title.elementor-size-medium{font-size:19px}.elementor-widget-heading .elementor-heading-title.elementor-size-large{font-size:29px}.elementor-widget-heading .elementor-heading-title.elementor-size-xl{font-size:39px}.elementor-widget-heading .elementor-heading-title.elementor-size-xxl{font-size:59px}<\/style><h2 class=\"elementor-heading-title elementor-size-default\">Technologia SmartFrost<\/h2>\t\t<\/div>\n\t\t\t\t<\/div>\n\t\t\t\t<div class=\"elementor-element elementor-element-d1a23d2 elementor-widget elementor-widget-text-editor\" data-id=\"d1a23d2\" data-element_type=\"widget\" data-widget_type=\"text-editor.default\">\n\t\t\t\t<div class=\"elementor-widget-container\">\n\t\t\t<style>\/*! elementor - v3.5.5 - 03-02-2022 *\/\n.elementor-widget-text-editor.elementor-drop-cap-view-stacked .elementor-drop-cap{background-color:#818a91;color:#fff}.elementor-widget-text-editor.elementor-drop-cap-view-framed .elementor-drop-cap{color:#818a91;border:3px solid;background-color:transparent}.elementor-widget-text-editor:not(.elementor-drop-cap-view-default) .elementor-drop-cap{margin-top:8px}.elementor-widget-text-editor:not(.elementor-drop-cap-view-default) .elementor-drop-cap-letter{width:1em;height:1em}.elementor-widget-text-editor .elementor-drop-cap{float:left;text-align:center;line-height:1;font-size:50px}.elementor-widget-text-editor .elementor-drop-cap-letter{display:inline-block}<\/style>\t\t\t\t<p>W por\u00f3wnaniu do innych zamra\u017carek ze statycznym uk\u0142adem ch\u0142odzenia technologia SmartFrost firmy Liebherr szybciej mrozi \u017cywno\u015b\u0107 i zapobiega osadzaniu si\u0119 lodu, dzi\u0119ki czemu rozmra\u017canie jest \u0142atwe i szybkie. To zwi\u0119ksza r\u00f3wnie\u017c przestrze\u0144 w urz\u0105dzeniu i sprzyja mniejszemu zu\u017cyciu energii, a tym samym obni\u017ca koszty eksploatacji.<\/p>\t\t\t\t\t\t<\/div>\n\t\t\t\t<\/div>\n\t\t\t\t\t<\/div>\n\t\t<\/div>\n\t\t\t\t\t\t\t<\/div>\n\t\t<\/section>\n\t\t\t\t<section class=\"elementor-section elementor-top-section elementor-element elementor-element-c6f0033 elementor-section-boxed elementor-section-height-default elementor-section-height-default\" data-id=\"c6f0033\" data-element_type=\"section\">\n\t\t\t\t\t\t<div class=\"elementor-container elementor-column-gap-default\">\n\t\t\t\t\t<div class=\"elementor-column elementor-col-50 elementor-top-column elementor-element elementor-element-e5a129e\" data-id=\"e5a129e\" data-element_type=\"column\">\n\t\t\t<div class=\"elementor-widget-wrap elementor-element-populated\">\n\t\t\t\t\t\t\t\t<div class=\"elementor-element elementor-element-7e63b37 elementor-widget elementor-widget-spacer\" data-id=\"7e63b37\" data-element_type=\"widget\" data-widget_type=\"spacer.default\">\n\t\t\t\t<div class=\"elementor-widget-container\">\n\t\t\t\t\t<div class=\"elementor-spacer\">\n\t\t\t<div class=\"elementor-spacer-inner\"><\/div>\n\t\t<\/div>\n\t\t\t\t<\/div>\n\t\t\t\t<\/div>\n\t\t\t\t<div class=\"elementor-element elementor-element-3ed08f4 elementor-widget elementor-widget-heading\" data-id=\"3ed08f4\" data-element_type=\"widget\" data-widget_type=\"heading.default\">\n\t\t\t\t<div class=\"elementor-widget-container\">\n\t\t\t<h2 class=\"elementor-heading-title elementor-size-default\">Automatyczna funkcja SuperFrost<\/h2>\t\t<\/div>\n\t\t\t\t<\/div>\n\t\t\t\t<div class=\"elementor-element elementor-element-b2bab70 elementor-widget elementor-widget-text-editor\" data-id=\"b2bab70\" data-element_type=\"widget\" data-widget_type=\"text-editor.default\">\n\t\t\t\t<div class=\"elementor-widget-container\">\n\t\t\t\t\t\t\t<p>Automatyczna funkcja SuperFrost przyspiesza mro\u017cenie \u017cywno\u015bci i oszcz\u0119dza energi\u0119 poprzez szybkie obni\u017cenie temperatury do -32\u00b0C. Tym samym tworzy warunki sprzyjaj\u0105ce zachowaniu wszystkich witamin. Gdy tylko \u017cywno\u015b\u0107 zostanie ca\u0142kowicie zamro\u017cona (lub po maksymalnie 65 godzinach), funkcja SuperFrost automatycznie prze\u0142\u0105cza si\u0119 z powrotem w normalny tryb pracy, oszcz\u0119dzaj\u0105c tym samym energi\u0119.<\/p>\t\t\t\t\t\t<\/div>\n\t\t\t\t<\/div>\n\t\t\t\t\t<\/div>\n\t\t<\/div>\n\t\t\t\t<div class=\"elementor-column elementor-col-50 elementor-top-column elementor-element elementor-element-927214e\" data-id=\"927214e\" data-element_type=\"column\">\n\t\t\t<div class=\"elementor-widget-wrap elementor-element-populated\">\n\t\t\t\t\t\t\t\t<div class=\"elementor-element elementor-element-5476944 elementor-widget elementor-widget-image\" data-id=\"5476944\" data-element_type=\"widget\" data-widget_type=\"image.default\">\n\t\t\t\t<div class=\"elementor-widget-container\">\n\t\t\t\t\t\t\t\t\t\t\t\t\t\t\t<img width=\"450\" height=\"450\" src=\"https:\/\/electrostrefa.pl\/wp-content\/uploads\/2021\/11\/Screenshot_14-450x450.png\" class=\"attachment-woocommerce_thumbnail size-woocommerce_thumbnail\" alt=\"\" loading=\"lazy\" srcset=\"https:\/\/electrostrefa.pl\/wp-content\/uploads\/2021\/11\/Screenshot_14-450x450.png 450w, https:\/\/electrostrefa.pl\/wp-content\/uploads\/2021\/11\/Screenshot_14-150x150.png 150w, https:\/\/electrostrefa.pl\/wp-content\/uploads\/2021\/11\/Screenshot_14-100x100.png 100w\" sizes=\"(max-width: 450px) 100vw, 450px\" style=\"width:100%;height:106.67%;max-width:450px\" \/>\t\t\t\t\t\t\t\t\t\t\t\t\t\t\t<\/div>\n\t\t\t\t<\/div>\n\t\t\t\t\t<\/div>\n\t\t<\/div>\n\t\t\t\t\t\t\t<\/div>\n\t\t<\/section>\n\t\t\t\t<section class=\"elementor-section elementor-top-section elementor-element elementor-element-d0fe4aa elementor-section-boxed elementor-section-height-default elementor-section-height-default\" data-id=\"d0fe4aa\" data-element_type=\"section\">\n\t\t\t\t\t\t<div class=\"elementor-container elementor-column-gap-default\">\n\t\t\t\t\t<div class=\"elementor-column elementor-col-50 elementor-top-column elementor-element elementor-element-412e059\" data-id=\"412e059\" data-element_type=\"column\">\n\t\t\t<div class=\"elementor-widget-wrap elementor-element-populated\">\n\t\t\t\t\t\t\t\t<div class=\"elementor-element elementor-element-3b4f5ec elementor-widget elementor-widget-image\" data-id=\"3b4f5ec\" data-element_type=\"widget\" data-widget_type=\"image.default\">\n\t\t\t\t<div class=\"elementor-widget-container\">\n\t\t\t\t\t\t\t\t\t\t\t\t\t\t\t<img width=\"370\" height=\"450\" src=\"https:\/\/electrostrefa.pl\/wp-content\/uploads\/2021\/11\/Screenshot_1444-e1636030103471.png\" class=\"attachment-large size-large\" alt=\"\" loading=\"lazy\" style=\"width:100%;height:121.62%;max-width:370px\" \/>\t\t\t\t\t\t\t\t\t\t\t\t\t\t\t<\/div>\n\t\t\t\t<\/div>\n\t\t\t\t\t<\/div>\n\t\t<\/div>\n\t\t\t\t<div class=\"elementor-column elementor-col-50 elementor-top-column elementor-element elementor-element-1b4d80d\" data-id=\"1b4d80d\" data-element_type=\"column\">\n\t\t\t<div class=\"elementor-widget-wrap elementor-element-populated\">\n\t\t\t\t\t\t\t\t<div class=\"elementor-element elementor-element-f9a8c6c elementor-widget elementor-widget-spacer\" data-id=\"f9a8c6c\" data-element_type=\"widget\" data-widget_type=\"spacer.default\">\n\t\t\t\t<div class=\"elementor-widget-container\">\n\t\t\t\t\t<div class=\"elementor-spacer\">\n\t\t\t<div class=\"elementor-spacer-inner\"><\/div>\n\t\t<\/div>\n\t\t\t\t<\/div>\n\t\t\t\t<\/div>\n\t\t\t\t<div class=\"elementor-element elementor-element-bd60e48 elementor-widget elementor-widget-heading\" data-id=\"bd60e48\" data-element_type=\"widget\" data-widget_type=\"heading.default\">\n\t\t\t\t<div class=\"elementor-widget-container\">\n\t\t\t<h2 class=\"elementor-heading-title elementor-size-default\">System VarioSpace<\/h2>\t\t<\/div>\n\t\t\t\t<\/div>\n\t\t\t\t<div class=\"elementor-element elementor-element-34c8cfd elementor-widget elementor-widget-text-editor\" data-id=\"34c8cfd\" data-element_type=\"widget\" data-widget_type=\"text-editor.default\">\n\t\t\t\t<div class=\"elementor-widget-container\">\n\t\t\t\t\t\t\t<p>Wszystkie urz\u0105dzenia z technologiami NoFrost i SmartFrost s\u0105 wyposa\u017cone w szuflady, pod kt\u00f3rymi znajduj\u0105 si\u0119 \u0142atwe do wyj\u0119cia szklane p\u00f3\u0142ki. W ten spos\u00f3b tworzy si\u0119 VarioSpace \u2013 praktyczne rozwi\u0105zanie, kt\u00f3re zapewnia dodatkow\u0105 przestrze\u0144 na wi\u0119ksze produkty.<\/p>\t\t\t\t\t\t<\/div>\n\t\t\t\t<\/div>\n\t\t\t\t\t<\/div>\n\t\t<\/div>\n\t\t\t\t\t\t\t<\/div>\n\t\t<\/section>\n\t\t\t\t\t\t<\/div>\n\t\t\t\t\t<\/div>\n\t\t","protected":false},"excerpt":{"rendered":"<p style=\"text-align: center\"><strong>Liebherr G 1223 <\/strong>w \u00a0por\u00f3wnaniu do innych zamra\u017carek ze statycznym uk\u0142adem ch\u0142odzenia z technologi\u0105 <strong>SmartFrost <\/strong>firmy Liebherr szybciej mrozi \u017cywno\u015b\u0107 i <em>zapobiega osadzaniu si\u0119 lodu<\/em>, dzi\u0119ki czemu rozmra\u017canie jest \u0142atwe i szybkie. To zwi\u0119ksza r\u00f3wnie\u017c przestrze\u0144 w urz\u0105dzeniu i sprzyja <strong>mniejszemu zu\u017cyciu energii<\/strong>, a tym samym obni\u017ca koszty eksploatacji.<\/p>\n","protected":false},"featured_media":477,"template":"","meta":{"_jet_sm_ready_style":"","_jet_sm_style":"","_jet_sm_controls_values":""},"product_cat":[27,57],"product_tag":[82,81,83],"_links":{"self":[{"href":"https:\/\/electrostrefa.pl\/index.php\/wp-json\/wp\/v2\/product\/430"}],"collection":[{"href":"https:\/\/electrostrefa.pl\/index.php\/wp-json\/wp\/v2\/product"}],"about":[{"href":"https:\/\/electrostrefa.pl\/index.php\/wp-json\/wp\/v2\/types\/product"}],"version-history":[{"count":14,"href":"https:\/\/electrostrefa.pl\/index.php\/wp-json\/wp\/v2\/product\/430\/revisions"}],"predecessor-version":[{"id":840,"href":"https:\/\/electrostrefa.pl\/index.php\/wp-json\/wp\/v2\/product\/430\/revisions\/840"}],"wp:featuredmedia":[{"embeddable":true,"href":"https:\/\/electrostrefa.pl\/index.php\/wp-json\/wp\/v2\/media\/477"}],"wp:attachment":[{"href":"https:\/\/electrostrefa.pl\/index.php\/wp-json\/wp\/v2\/media?parent=430"}],"wp:term":[{"taxonomy":"product_cat","embeddable":true,"href":"https:\/\/electrostrefa.pl\/index.php\/wp-json\/wp\/v2\/product_cat?post=430"},{"taxonomy":"product_tag","embeddable":true,"href":"https:\/\/electrostrefa.pl\/index.php\/wp-json\/wp\/v2\/product_tag?post=430"}],"curies":[{"name":"wp","href":"https:\/\/api.w.org\/{rel}","templated":true}]}}