{"id":1484,"date":"2021-11-24T13:38:01","date_gmt":"2021-11-24T13:38:01","guid":{"rendered":"https:\/\/electrostrefa.pl\/?post_type=product&#038;p=1484"},"modified":"2023-01-13T08:54:06","modified_gmt":"2023-01-13T08:54:06","slug":"pralka-miele-wca030-wcs-active","status":"publish","type":"product","link":"https:\/\/electrostrefa.pl\/index.php\/produkt\/pralka-miele-wca030-wcs-active\/","title":{"rendered":"Pralka Miele WCA030 WCS Active"},"content":{"rendered":"\t\t<div data-elementor-type=\"product-post\" data-elementor-id=\"1484\" class=\"elementor elementor-1484\" data-elementor-settings=\"[]\">\n\t\t\t\t\t\t\t<div class=\"elementor-section-wrap\">\n\t\t\t\t\t\t\t<section class=\"elementor-section elementor-top-section elementor-element elementor-element-f1efdbc elementor-section-boxed elementor-section-height-default elementor-section-height-default\" data-id=\"f1efdbc\" data-element_type=\"section\">\n\t\t\t\t\t\t<div class=\"elementor-container elementor-column-gap-default\">\n\t\t\t\t\t<div class=\"elementor-column elementor-col-50 elementor-top-column elementor-element elementor-element-1eba1aa\" data-id=\"1eba1aa\" data-element_type=\"column\">\n\t\t\t<div class=\"elementor-widget-wrap elementor-element-populated\">\n\t\t\t\t\t\t\t\t<div class=\"elementor-element elementor-element-6253d0f elementor-widget elementor-widget-image\" data-id=\"6253d0f\" data-element_type=\"widget\" data-widget_type=\"image.default\">\n\t\t\t\t<div class=\"elementor-widget-container\">\n\t\t\t<style>\/*! elementor - v3.5.5 - 03-02-2022 *\/\n.elementor-widget-image{text-align:center}.elementor-widget-image a{display:inline-block}.elementor-widget-image a img[src$=\".svg\"]{width:48px}.elementor-widget-image img{vertical-align:middle;display:inline-block}<\/style>\t\t\t\t\t\t\t\t\t\t\t\t<img width=\"450\" height=\"450\" src=\"https:\/\/electrostrefa.pl\/wp-content\/uploads\/2021\/11\/WSA023-450x450-3-450x450.jpg\" class=\"attachment-woocommerce_thumbnail size-woocommerce_thumbnail\" alt=\"\" loading=\"lazy\" srcset=\"https:\/\/electrostrefa.pl\/wp-content\/uploads\/2021\/11\/WSA023-450x450-3.jpg 450w, https:\/\/electrostrefa.pl\/wp-content\/uploads\/2021\/11\/WSA023-450x450-3-300x300.jpg 300w, https:\/\/electrostrefa.pl\/wp-content\/uploads\/2021\/11\/WSA023-450x450-3-150x150.jpg 150w, https:\/\/electrostrefa.pl\/wp-content\/uploads\/2021\/11\/WSA023-450x450-3-100x100.jpg 100w\" sizes=\"(max-width: 450px) 100vw, 450px\" style=\"width:100%;height:100%;max-width:450px\" \/>\t\t\t\t\t\t\t\t\t\t\t\t\t\t\t<\/div>\n\t\t\t\t<\/div>\n\t\t\t\t<div class=\"elementor-element elementor-element-14f04d3 elementor-widget elementor-widget-heading\" data-id=\"14f04d3\" data-element_type=\"widget\" data-widget_type=\"heading.default\">\n\t\t\t\t<div class=\"elementor-widget-container\">\n\t\t\t<style>\/*! elementor - v3.5.5 - 03-02-2022 *\/\n.elementor-heading-title{padding:0;margin:0;line-height:1}.elementor-widget-heading .elementor-heading-title[class*=elementor-size-]>a{color:inherit;font-size:inherit;line-height:inherit}.elementor-widget-heading .elementor-heading-title.elementor-size-small{font-size:15px}.elementor-widget-heading .elementor-heading-title.elementor-size-medium{font-size:19px}.elementor-widget-heading .elementor-heading-title.elementor-size-large{font-size:29px}.elementor-widget-heading .elementor-heading-title.elementor-size-xl{font-size:39px}.elementor-widget-heading .elementor-heading-title.elementor-size-xxl{font-size:59px}<\/style><h2 class=\"elementor-heading-title elementor-size-default\">B\u0118BEN SOFTCARE<\/h2>\t\t<\/div>\n\t\t\t\t<\/div>\n\t\t\t\t<div class=\"elementor-element elementor-element-d6ed63c elementor-widget elementor-widget-text-editor\" data-id=\"d6ed63c\" data-element_type=\"widget\" data-widget_type=\"text-editor.default\">\n\t\t\t\t<div class=\"elementor-widget-container\">\n\t\t\t<style>\/*! elementor - v3.5.5 - 03-02-2022 *\/\n.elementor-widget-text-editor.elementor-drop-cap-view-stacked .elementor-drop-cap{background-color:#818a91;color:#fff}.elementor-widget-text-editor.elementor-drop-cap-view-framed .elementor-drop-cap{color:#818a91;border:3px solid;background-color:transparent}.elementor-widget-text-editor:not(.elementor-drop-cap-view-default) .elementor-drop-cap{margin-top:8px}.elementor-widget-text-editor:not(.elementor-drop-cap-view-default) .elementor-drop-cap-letter{width:1em;height:1em}.elementor-widget-text-editor .elementor-drop-cap{float:left;text-align:center;line-height:1;font-size:50px}.elementor-widget-text-editor .elementor-drop-cap-letter{display:inline-block}<\/style>\t\t\t\t<p>Pralka <strong>MIELE WCA030 WCS Active<\/strong> zosta\u0142a wyposa\u017cona w innowacyjny b\u0119ben o strukturze <strong>plastra miodu<\/strong>. Dzi\u0119ki takiej budowie, pomi\u0119dzy \u015bciankami b\u0119bna, a znajduj\u0105c\u0105 si\u0119 w urz\u0105dzeniu odzie\u017c\u0105, wytwarza si\u0119 cienka warstwa wody. To sprawia, \u017ce ubrania s\u0105 skutecznie chronione przed uszkodzeniami mechanicznymi. Tym samym, pralka <strong>wyd\u0142u\u017ca \u017cywotno\u015b\u0107 odzie\u017cy<\/strong> i tekstyli\u00f3w oraz korzystnie wp\u0142ywa na ich wygl\u0105d. Mo\u017cemy cieszy\u0107 si\u0119 swoimi ulubionymi ubraniami przez bardzo d\u0142ugi czas.<\/p>\t\t\t\t\t\t<\/div>\n\t\t\t\t<\/div>\n\t\t\t\t\t<\/div>\n\t\t<\/div>\n\t\t\t\t<div class=\"elementor-column elementor-col-50 elementor-top-column elementor-element elementor-element-021291a\" data-id=\"021291a\" data-element_type=\"column\">\n\t\t\t<div class=\"elementor-widget-wrap elementor-element-populated\">\n\t\t\t\t\t\t\t\t<div class=\"elementor-element elementor-element-0707f4d elementor-widget elementor-widget-image\" data-id=\"0707f4d\" data-element_type=\"widget\" data-widget_type=\"image.default\">\n\t\t\t\t<div class=\"elementor-widget-container\">\n\t\t\t\t\t\t\t\t\t\t\t\t\t\t\t<img width=\"450\" height=\"450\" src=\"https:\/\/electrostrefa.pl\/wp-content\/uploads\/2021\/11\/pralka-miele-WCA030-450x450.jpg\" class=\"attachment-woocommerce_thumbnail size-woocommerce_thumbnail\" alt=\"\" loading=\"lazy\" srcset=\"https:\/\/electrostrefa.pl\/wp-content\/uploads\/2021\/11\/pralka-miele-WCA030.jpg 450w, https:\/\/electrostrefa.pl\/wp-content\/uploads\/2021\/11\/pralka-miele-WCA030-300x300.jpg 300w, https:\/\/electrostrefa.pl\/wp-content\/uploads\/2021\/11\/pralka-miele-WCA030-150x150.jpg 150w, https:\/\/electrostrefa.pl\/wp-content\/uploads\/2021\/11\/pralka-miele-WCA030-100x100.jpg 100w\" sizes=\"(max-width: 450px) 100vw, 450px\" style=\"width:100%;height:100%;max-width:450px\" \/>\t\t\t\t\t\t\t\t\t\t\t\t\t\t\t<\/div>\n\t\t\t\t<\/div>\n\t\t\t\t<div class=\"elementor-element elementor-element-f7fd4a5 elementor-widget elementor-widget-heading\" data-id=\"f7fd4a5\" data-element_type=\"widget\" data-widget_type=\"heading.default\">\n\t\t\t\t<div class=\"elementor-widget-container\">\n\t\t\t<h2 class=\"elementor-heading-title elementor-size-default\">NA SPECJALNE OKAZJE<\/h2>\t\t<\/div>\n\t\t\t\t<\/div>\n\t\t\t\t<div class=\"elementor-element elementor-element-b4747eb elementor-widget elementor-widget-text-editor\" data-id=\"b4747eb\" data-element_type=\"widget\" data-widget_type=\"text-editor.default\">\n\t\t\t\t<div class=\"elementor-widget-container\">\n\t\t\t\t\t\t\t<p>Pragniesz, aby Twoje ubrania by\u0142y piel\u0119gnowane w specjalny spos\u00f3b? Pralka <strong>MIELE WCA030 WCS Active<\/strong> zosta\u0142a wyposa\u017cona w funkcj\u0119 <strong>CapDosing<\/strong>, kt\u00f3ra pozwala na u\u017cycie specjalnych \u015brodk\u00f3w pior\u0105cych. Ich zastosowanie jest niezwykle \u0142atwe, poniewa\u017c zamkni\u0119te zosta\u0142y w niewielkich kapsu\u0142kach. Zapomnij o skomplikowanych ustawieniach Twojej pralki. Kapsu\u0142k\u0119 po prostu nale\u017cy w\u0142o\u017cy\u0107 do pojemnika na p\u0142yn zmi\u0119kczaj\u0105cy. Urz\u0105dzenie samo wybierze odpowiednie dozowanie jej zawarto\u015bci w momencie, kt\u00f3ry jest optymalny. Do Twojego wyboru jest a\u017c <strong>6<\/strong> r\u00f3\u017cnych, specjalnych \u015brodk\u00f3w pior\u0105cych oraz <strong>3<\/strong> p\u0142yny zmi\u0119kczaj\u0105ce, a tak\u017ce <strong>Booster<\/strong> na szczeg\u00f3lnie uporczywe plamy. Wszystko po to, aby jeszcze lepiej zadba\u0107 o Ciebie i Twoje ubrania<\/p>\t\t\t\t\t\t<\/div>\n\t\t\t\t<\/div>\n\t\t\t\t\t<\/div>\n\t\t<\/div>\n\t\t\t\t\t\t\t<\/div>\n\t\t<\/section>\n\t\t\t\t<section class=\"elementor-section elementor-top-section elementor-element elementor-element-cbbc492 elementor-section-boxed elementor-section-height-default elementor-section-height-default\" data-id=\"cbbc492\" data-element_type=\"section\">\n\t\t\t\t\t\t<div class=\"elementor-container elementor-column-gap-default\">\n\t\t\t\t\t<div class=\"elementor-column elementor-col-50 elementor-top-column elementor-element elementor-element-0867be8\" data-id=\"0867be8\" data-element_type=\"column\">\n\t\t\t<div class=\"elementor-widget-wrap elementor-element-populated\">\n\t\t\t\t\t\t\t\t<div class=\"elementor-element elementor-element-5688cb0 elementor-widget elementor-widget-image\" data-id=\"5688cb0\" data-element_type=\"widget\" data-widget_type=\"image.default\">\n\t\t\t\t<div class=\"elementor-widget-container\">\n\t\t\t\t\t\t\t\t\t\t\t\t\t\t\t<img width=\"450\" height=\"450\" src=\"https:\/\/electrostrefa.pl\/wp-content\/uploads\/2021\/11\/WSA023-450x450-6-450x450.jpg\" class=\"attachment-woocommerce_thumbnail size-woocommerce_thumbnail\" alt=\"\" loading=\"lazy\" srcset=\"https:\/\/electrostrefa.pl\/wp-content\/uploads\/2021\/11\/WSA023-450x450-6.jpg 450w, https:\/\/electrostrefa.pl\/wp-content\/uploads\/2021\/11\/WSA023-450x450-6-300x300.jpg 300w, https:\/\/electrostrefa.pl\/wp-content\/uploads\/2021\/11\/WSA023-450x450-6-150x150.jpg 150w, https:\/\/electrostrefa.pl\/wp-content\/uploads\/2021\/11\/WSA023-450x450-6-100x100.jpg 100w\" sizes=\"(max-width: 450px) 100vw, 450px\" style=\"width:100%;height:100%;max-width:450px\" \/>\t\t\t\t\t\t\t\t\t\t\t\t\t\t\t<\/div>\n\t\t\t\t<\/div>\n\t\t\t\t\t<\/div>\n\t\t<\/div>\n\t\t\t\t<div class=\"elementor-column elementor-col-50 elementor-top-column elementor-element elementor-element-4757d8c\" data-id=\"4757d8c\" data-element_type=\"column\">\n\t\t\t<div class=\"elementor-widget-wrap elementor-element-populated\">\n\t\t\t\t\t\t\t\t<div class=\"elementor-element elementor-element-33d632d elementor-widget elementor-widget-spacer\" data-id=\"33d632d\" data-element_type=\"widget\" data-widget_type=\"spacer.default\">\n\t\t\t\t<div class=\"elementor-widget-container\">\n\t\t\t\t\t<div class=\"elementor-spacer\">\n\t\t\t<div class=\"elementor-spacer-inner\"><\/div>\n\t\t<\/div>\n\t\t\t\t<\/div>\n\t\t\t\t<\/div>\n\t\t\t\t<div class=\"elementor-element elementor-element-ae32e4f elementor-widget elementor-widget-heading\" data-id=\"ae32e4f\" data-element_type=\"widget\" data-widget_type=\"heading.default\">\n\t\t\t\t<div class=\"elementor-widget-container\">\n\t\t\t<h2 class=\"elementor-heading-title elementor-size-default\">ADDLOAD<\/h2>\t\t<\/div>\n\t\t\t\t<\/div>\n\t\t\t\t<div class=\"elementor-element elementor-element-212352a elementor-widget elementor-widget-text-editor\" data-id=\"212352a\" data-element_type=\"widget\" data-widget_type=\"text-editor.default\">\n\t\t\t\t<div class=\"elementor-widget-container\">\n\t\t\t\t\t\t\t<p>Korzystaj z maksymalnego komfortu: r\u00f3wnie\u017c po rozpocz\u0119ciu programu mo\u017cna jeszcze wygodnie dok\u0142ada\u0107 pranie do pralki <strong>MIELE WCA030 WCS Active<\/strong>.<\/p>\t\t\t\t\t\t<\/div>\n\t\t\t\t<\/div>\n\t\t\t\t\t<\/div>\n\t\t<\/div>\n\t\t\t\t\t\t\t<\/div>\n\t\t<\/section>\n\t\t\t\t<section class=\"elementor-section elementor-top-section elementor-element elementor-element-94cff7b elementor-section-boxed elementor-section-height-default elementor-section-height-default\" data-id=\"94cff7b\" data-element_type=\"section\">\n\t\t\t\t\t\t<div class=\"elementor-container elementor-column-gap-default\">\n\t\t\t\t\t<div class=\"elementor-column elementor-col-50 elementor-top-column elementor-element elementor-element-93de782\" data-id=\"93de782\" data-element_type=\"column\">\n\t\t\t<div class=\"elementor-widget-wrap elementor-element-populated\">\n\t\t\t\t\t\t\t\t<div class=\"elementor-element elementor-element-6495625 elementor-widget elementor-widget-spacer\" data-id=\"6495625\" data-element_type=\"widget\" data-widget_type=\"spacer.default\">\n\t\t\t\t<div class=\"elementor-widget-container\">\n\t\t\t\t\t<div class=\"elementor-spacer\">\n\t\t\t<div class=\"elementor-spacer-inner\"><\/div>\n\t\t<\/div>\n\t\t\t\t<\/div>\n\t\t\t\t<\/div>\n\t\t\t\t<div class=\"elementor-element elementor-element-ac7a458 elementor-widget elementor-widget-heading\" data-id=\"ac7a458\" data-element_type=\"widget\" data-widget_type=\"heading.default\">\n\t\t\t\t<div class=\"elementor-widget-container\">\n\t\t\t<h2 class=\"elementor-heading-title elementor-size-default\">AUTOMATYKA WAGOWA<\/h2>\t\t<\/div>\n\t\t\t\t<\/div>\n\t\t\t\t<div class=\"elementor-element elementor-element-857ce2c elementor-widget elementor-widget-text-editor\" data-id=\"857ce2c\" data-element_type=\"widget\" data-widget_type=\"text-editor.default\">\n\t\t\t\t<div class=\"elementor-widget-container\">\n\t\t\t\t\t\t\t<p>Prezentowana pralka <strong>MIELE WCA030 WCS Active<\/strong> dysponuje inteligentn\u0105 automatyk\u0105 wagow\u0105. Analizuje ona aktualn\u0105 wielko\u015b\u0107 \u0142adunku i zu\u017cywa tylko tyle wody i pr\u0105du, ile jest niezb\u0119dne dla uzyskania optymalnego efektu prania i p\u0142ukania.<\/p>\t\t\t\t\t\t<\/div>\n\t\t\t\t<\/div>\n\t\t\t\t\t<\/div>\n\t\t<\/div>\n\t\t\t\t<div class=\"elementor-column elementor-col-50 elementor-top-column elementor-element elementor-element-46626c4\" data-id=\"46626c4\" data-element_type=\"column\">\n\t\t\t<div class=\"elementor-widget-wrap elementor-element-populated\">\n\t\t\t\t\t\t\t\t<div class=\"elementor-element elementor-element-6e40e34 elementor-widget elementor-widget-image\" data-id=\"6e40e34\" data-element_type=\"widget\" data-widget_type=\"image.default\">\n\t\t\t\t<div class=\"elementor-widget-container\">\n\t\t\t\t\t\t\t\t\t\t\t\t\t\t\t<img width=\"450\" height=\"450\" src=\"https:\/\/electrostrefa.pl\/wp-content\/uploads\/2021\/11\/WSA023-450x450-8-450x450.jpg\" class=\"attachment-woocommerce_thumbnail size-woocommerce_thumbnail\" alt=\"\" loading=\"lazy\" srcset=\"https:\/\/electrostrefa.pl\/wp-content\/uploads\/2021\/11\/WSA023-450x450-8.jpg 450w, https:\/\/electrostrefa.pl\/wp-content\/uploads\/2021\/11\/WSA023-450x450-8-300x300.jpg 300w, https:\/\/electrostrefa.pl\/wp-content\/uploads\/2021\/11\/WSA023-450x450-8-150x150.jpg 150w, https:\/\/electrostrefa.pl\/wp-content\/uploads\/2021\/11\/WSA023-450x450-8-100x100.jpg 100w\" sizes=\"(max-width: 450px) 100vw, 450px\" style=\"width:100%;height:100%;max-width:450px\" \/>\t\t\t\t\t\t\t\t\t\t\t\t\t\t\t<\/div>\n\t\t\t\t<\/div>\n\t\t\t\t\t<\/div>\n\t\t<\/div>\n\t\t\t\t\t\t\t<\/div>\n\t\t<\/section>\n\t\t\t\t<section class=\"elementor-section elementor-top-section elementor-element elementor-element-a148938 elementor-section-boxed elementor-section-height-default elementor-section-height-default\" data-id=\"a148938\" data-element_type=\"section\">\n\t\t\t\t\t\t<div class=\"elementor-container elementor-column-gap-default\">\n\t\t\t\t\t<div class=\"elementor-column elementor-col-50 elementor-top-column elementor-element elementor-element-3db221c\" data-id=\"3db221c\" data-element_type=\"column\">\n\t\t\t<div class=\"elementor-widget-wrap elementor-element-populated\">\n\t\t\t\t\t\t\t\t<div class=\"elementor-element elementor-element-89bb0ad elementor-widget elementor-widget-heading\" data-id=\"89bb0ad\" data-element_type=\"widget\" data-widget_type=\"heading.default\">\n\t\t\t\t<div class=\"elementor-widget-container\">\n\t\t\t<h2 class=\"elementor-heading-title elementor-size-default\">PROGRAMY PRANIA<\/h2>\t\t<\/div>\n\t\t\t\t<\/div>\n\t\t\t\t<div class=\"elementor-element elementor-element-5777962 elementor-widget elementor-widget-text-editor\" data-id=\"5777962\" data-element_type=\"widget\" data-widget_type=\"text-editor.default\">\n\t\t\t\t<div class=\"elementor-widget-container\">\n\t\t\t\t\t\t\t<ul><li>Bawe\u0142na<\/li><li>Bawe\u0142na z praniem wst\u0119pnym<\/li><li>Tkaniny delikatne<\/li><li>Tkaniny bardzo delikatne<\/li><li>We\u0142na (pranie r\u0119czne)<\/li><li>Expres 20<\/li><li>Tkaniny ciemne\/jasne<\/li><li>Outdoor<\/li><li>Impregnacja<\/li><li>P\u0142ukanie \/ Krochmalenie<\/li><li>Pompowanie \/ Wirowanie<\/li><li>ECO 40 &#8211; 60<\/li><\/ul>\t\t\t\t\t\t<\/div>\n\t\t\t\t<\/div>\n\t\t\t\t\t<\/div>\n\t\t<\/div>\n\t\t\t\t<div class=\"elementor-column elementor-col-50 elementor-top-column elementor-element elementor-element-c52ed6c\" data-id=\"c52ed6c\" data-element_type=\"column\">\n\t\t\t<div class=\"elementor-widget-wrap elementor-element-populated\">\n\t\t\t\t\t\t\t\t<div class=\"elementor-element elementor-element-123ced3 elementor-widget elementor-widget-heading\" data-id=\"123ced3\" data-element_type=\"widget\" data-widget_type=\"heading.default\">\n\t\t\t\t<div class=\"elementor-widget-container\">\n\t\t\t<h2 class=\"elementor-heading-title elementor-size-default\">FUNKCJE DODATKOWE<\/h2>\t\t<\/div>\n\t\t\t\t<\/div>\n\t\t\t\t<div class=\"elementor-element elementor-element-448f625 elementor-widget elementor-widget-text-editor\" data-id=\"448f625\" data-element_type=\"widget\" data-widget_type=\"text-editor.default\">\n\t\t\t\t<div class=\"elementor-widget-container\">\n\t\t\t\t\t\t\t<ul><li>Program skr\u00f3cony<\/li><li>Namaczanie<\/li><li>Woda dodatkowa<\/li><li>Dodatkowe p\u0142ukanie<\/li><\/ul>\t\t\t\t\t\t<\/div>\n\t\t\t\t<\/div>\n\t\t\t\t\t<\/div>\n\t\t<\/div>\n\t\t\t\t\t\t\t<\/div>\n\t\t<\/section>\n\t\t\t\t\t\t<\/div>\n\t\t\t\t\t<\/div>\n\t\t","protected":false},"excerpt":{"rendered":"<p style=\"text-align: center\">Pralka wolnostoj\u0105ca <strong>MIELE WCA030 WCS<\/strong> <strong>Active<\/strong> charakteryzuje si\u0119 doskona\u0142\u0105 funkcjonalno\u015bci\u0105 i wyj\u0105tkow\u0105 elegancj\u0105 ukryt\u0105 w nowoczesnej stylistyce. Pralka o \u0142adowno\u015bci <strong>7 kg<\/strong> doskonale sprawdzi si\u0119 w du\u017cej rodzinie i z pewno\u015bci\u0105 doskonale uzupe\u0142ni wyposa\u017cenie Twojej \u0142azienki.<\/p>\n","protected":false},"featured_media":1488,"template":"","meta":{"_jet_sm_ready_style":"","_jet_sm_style":"","_jet_sm_controls_values":""},"product_cat":[30,58],"product_tag":[379,262,378,370,380,372],"_links":{"self":[{"href":"https:\/\/electrostrefa.pl\/index.php\/wp-json\/wp\/v2\/product\/1484"}],"collection":[{"href":"https:\/\/electrostrefa.pl\/index.php\/wp-json\/wp\/v2\/product"}],"about":[{"href":"https:\/\/electrostrefa.pl\/index.php\/wp-json\/wp\/v2\/types\/product"}],"version-history":[{"count":7,"href":"https:\/\/electrostrefa.pl\/index.php\/wp-json\/wp\/v2\/product\/1484\/revisions"}],"predecessor-version":[{"id":1610,"href":"https:\/\/electrostrefa.pl\/index.php\/wp-json\/wp\/v2\/product\/1484\/revisions\/1610"}],"wp:featuredmedia":[{"embeddable":true,"href":"https:\/\/electrostrefa.pl\/index.php\/wp-json\/wp\/v2\/media\/1488"}],"wp:attachment":[{"href":"https:\/\/electrostrefa.pl\/index.php\/wp-json\/wp\/v2\/media?parent=1484"}],"wp:term":[{"taxonomy":"product_cat","embeddable":true,"href":"https:\/\/electrostrefa.pl\/index.php\/wp-json\/wp\/v2\/product_cat?post=1484"},{"taxonomy":"product_tag","embeddable":true,"href":"https:\/\/electrostrefa.pl\/index.php\/wp-json\/wp\/v2\/product_tag?post=1484"}],"curies":[{"name":"wp","href":"https:\/\/api.w.org\/{rel}","templated":true}]}}