{"id":1057,"date":"2021-11-16T11:08:18","date_gmt":"2021-11-16T11:08:18","guid":{"rendered":"https:\/\/electrostrefa.pl\/?post_type=product&#038;p=1057"},"modified":"2023-01-13T09:07:51","modified_gmt":"2023-01-13T09:07:51","slug":"liebherr-gkv-5790","status":"publish","type":"product","link":"https:\/\/electrostrefa.pl\/index.php\/produkt\/liebherr-gkv-5790\/","title":{"rendered":"Liebherr GKv 5790"},"content":{"rendered":"\t\t<div data-elementor-type=\"product-post\" data-elementor-id=\"1057\" class=\"elementor elementor-1057\" data-elementor-settings=\"[]\">\n\t\t\t\t\t\t\t<div class=\"elementor-section-wrap\">\n\t\t\t\t\t\t\t<section class=\"elementor-section elementor-top-section elementor-element elementor-element-fd49a9e elementor-section-boxed elementor-section-height-default elementor-section-height-default\" data-id=\"fd49a9e\" data-element_type=\"section\">\n\t\t\t\t\t\t<div class=\"elementor-container elementor-column-gap-default\">\n\t\t\t\t\t<div class=\"elementor-column elementor-col-50 elementor-top-column elementor-element elementor-element-ad3cb6b\" data-id=\"ad3cb6b\" data-element_type=\"column\">\n\t\t\t<div class=\"elementor-widget-wrap elementor-element-populated\">\n\t\t\t\t\t\t\t\t<div class=\"elementor-element elementor-element-a678b54 elementor-widget elementor-widget-spacer\" data-id=\"a678b54\" data-element_type=\"widget\" data-widget_type=\"spacer.default\">\n\t\t\t\t<div class=\"elementor-widget-container\">\n\t\t\t\t\t<div class=\"elementor-spacer\">\n\t\t\t<div class=\"elementor-spacer-inner\"><\/div>\n\t\t<\/div>\n\t\t\t\t<\/div>\n\t\t\t\t<\/div>\n\t\t\t\t<div class=\"elementor-element elementor-element-401cee8 elementor-widget elementor-widget-heading\" data-id=\"401cee8\" data-element_type=\"widget\" data-widget_type=\"heading.default\">\n\t\t\t\t<div class=\"elementor-widget-container\">\n\t\t\t<style>\/*! elementor - v3.5.5 - 03-02-2022 *\/\n.elementor-heading-title{padding:0;margin:0;line-height:1}.elementor-widget-heading .elementor-heading-title[class*=elementor-size-]>a{color:inherit;font-size:inherit;line-height:inherit}.elementor-widget-heading .elementor-heading-title.elementor-size-small{font-size:15px}.elementor-widget-heading .elementor-heading-title.elementor-size-medium{font-size:19px}.elementor-widget-heading .elementor-heading-title.elementor-size-large{font-size:29px}.elementor-widget-heading .elementor-heading-title.elementor-size-xl{font-size:39px}.elementor-widget-heading .elementor-heading-title.elementor-size-xxl{font-size:59px}<\/style><h2 class=\"elementor-heading-title elementor-size-default\">CYFROWY WY\u015aWIETLACZ TEMPERATURY<\/h2>\t\t<\/div>\n\t\t\t\t<\/div>\n\t\t\t\t<div class=\"elementor-element elementor-element-32b78be elementor-widget elementor-widget-text-editor\" data-id=\"32b78be\" data-element_type=\"widget\" data-widget_type=\"text-editor.default\">\n\t\t\t\t<div class=\"elementor-widget-container\">\n\t\t\t<style>\/*! elementor - v3.5.5 - 03-02-2022 *\/\n.elementor-widget-text-editor.elementor-drop-cap-view-stacked .elementor-drop-cap{background-color:#818a91;color:#fff}.elementor-widget-text-editor.elementor-drop-cap-view-framed .elementor-drop-cap{color:#818a91;border:3px solid;background-color:transparent}.elementor-widget-text-editor:not(.elementor-drop-cap-view-default) .elementor-drop-cap{margin-top:8px}.elementor-widget-text-editor:not(.elementor-drop-cap-view-default) .elementor-drop-cap-letter{width:1em;height:1em}.elementor-widget-text-editor .elementor-drop-cap{float:left;text-align:center;line-height:1;font-size:50px}.elementor-widget-text-editor .elementor-drop-cap-letter{display:inline-block}<\/style>\t\t\t\t<p>Temperatura wn\u0119trza widoczna na cyfrowym wy\u015bwietlaczu jest zaokr\u0105glona z dok\u0142adno\u015bci\u0105 do <strong>najbli\u017cszego stopnia<\/strong> i mo\u017cna j\u0105 bez problemu odczyta\u0107 z zewn\u0105trz. To eliminuje konieczno\u015b\u0107 otwierania urz\u0105dzenia.<\/p><p>\u00a0<\/p>\t\t\t\t\t\t<\/div>\n\t\t\t\t<\/div>\n\t\t\t\t\t<\/div>\n\t\t<\/div>\n\t\t\t\t<div class=\"elementor-column elementor-col-50 elementor-top-column elementor-element elementor-element-0507b2b\" data-id=\"0507b2b\" data-element_type=\"column\">\n\t\t\t<div class=\"elementor-widget-wrap elementor-element-populated\">\n\t\t\t\t\t\t\t\t<div class=\"elementor-element elementor-element-d0e6d99 elementor-widget elementor-widget-image\" data-id=\"d0e6d99\" data-element_type=\"widget\" data-widget_type=\"image.default\">\n\t\t\t\t<div class=\"elementor-widget-container\">\n\t\t\t<style>\/*! elementor - v3.5.5 - 03-02-2022 *\/\n.elementor-widget-image{text-align:center}.elementor-widget-image a{display:inline-block}.elementor-widget-image a img[src$=\".svg\"]{width:48px}.elementor-widget-image img{vertical-align:middle;display:inline-block}<\/style>\t\t\t\t\t\t\t\t\t\t\t\t<img width=\"450\" height=\"450\" src=\"https:\/\/electrostrefa.pl\/wp-content\/uploads\/2021\/11\/Liebherr-GKv-5790-produkt1.jpg\" class=\"attachment-large size-large\" alt=\"\" loading=\"lazy\" srcset=\"https:\/\/electrostrefa.pl\/wp-content\/uploads\/2021\/11\/Liebherr-GKv-5790-produkt1.jpg 450w, https:\/\/electrostrefa.pl\/wp-content\/uploads\/2021\/11\/Liebherr-GKv-5790-produkt1-300x300.jpg 300w, https:\/\/electrostrefa.pl\/wp-content\/uploads\/2021\/11\/Liebherr-GKv-5790-produkt1-150x150.jpg 150w, https:\/\/electrostrefa.pl\/wp-content\/uploads\/2021\/11\/Liebherr-GKv-5790-produkt1-100x100.jpg 100w\" sizes=\"(max-width: 450px) 100vw, 450px\" style=\"width:100%;height:100%;max-width:450px\" \/>\t\t\t\t\t\t\t\t\t\t\t\t\t\t\t<\/div>\n\t\t\t\t<\/div>\n\t\t\t\t\t<\/div>\n\t\t<\/div>\n\t\t\t\t\t\t\t<\/div>\n\t\t<\/section>\n\t\t\t\t<section class=\"elementor-section elementor-top-section elementor-element elementor-element-a952380 elementor-section-boxed elementor-section-height-default elementor-section-height-default\" data-id=\"a952380\" data-element_type=\"section\">\n\t\t\t\t\t\t<div class=\"elementor-container elementor-column-gap-default\">\n\t\t\t\t\t<div class=\"elementor-column elementor-col-100 elementor-top-column elementor-element elementor-element-9c305be\" data-id=\"9c305be\" data-element_type=\"column\">\n\t\t\t<div class=\"elementor-widget-wrap elementor-element-populated\">\n\t\t\t\t\t\t\t\t<div class=\"elementor-element elementor-element-98307c3 elementor-widget elementor-widget-heading\" data-id=\"98307c3\" data-element_type=\"widget\" data-widget_type=\"heading.default\">\n\t\t\t\t<div class=\"elementor-widget-container\">\n\t\t\t<h2 class=\"elementor-heading-title elementor-size-default\">WYDAJNY SYSTEM CH\u0141ODZENIA<\/h2>\t\t<\/div>\n\t\t\t\t<\/div>\n\t\t\t\t<div class=\"elementor-element elementor-element-35b55f6 elementor-widget elementor-widget-text-editor\" data-id=\"35b55f6\" data-element_type=\"widget\" data-widget_type=\"text-editor.default\">\n\t\t\t\t<div class=\"elementor-widget-container\">\n\t\t\t\t\t\t\t<p>Od dziesi\u0119cioleci firma <strong>Liebherr<\/strong> zdobywa do\u015bwiadczenie i prowadzi prace badawczo-rozwojowe w dziedzinie ch\u0142odzenia, co stanowi gwarancj\u0119 najwy\u017cszej jako\u015bci urz\u0105dze\u0144 ch\u0142odniczych. Dzi\u0119ki stosowaniu wy\u0142\u0105cznie <strong>najwy\u017cszej klasy<\/strong> kompresor\u00f3w, kondensator\u00f3w, parownik\u00f3w i innych element\u00f3w uk\u0142adu ch\u0142odzenia firma <strong>Liebherr<\/strong> tworzy energooszcz\u0119dne urz\u0105dzenia generuj\u0105ce niskie koszty eksploatacji.<\/p><p>\u00a0<\/p>\t\t\t\t\t\t<\/div>\n\t\t\t\t<\/div>\n\t\t\t\t\t<\/div>\n\t\t<\/div>\n\t\t\t\t\t\t\t<\/div>\n\t\t<\/section>\n\t\t\t\t<section class=\"elementor-section elementor-top-section elementor-element elementor-element-ea1c9ce elementor-section-boxed elementor-section-height-default elementor-section-height-default\" data-id=\"ea1c9ce\" data-element_type=\"section\">\n\t\t\t\t\t\t<div class=\"elementor-container elementor-column-gap-default\">\n\t\t\t\t\t<div class=\"elementor-column elementor-col-50 elementor-top-column elementor-element elementor-element-220b7d1\" data-id=\"220b7d1\" data-element_type=\"column\">\n\t\t\t<div class=\"elementor-widget-wrap elementor-element-populated\">\n\t\t\t\t\t\t\t\t<div class=\"elementor-element elementor-element-f823d78 elementor-widget elementor-widget-image\" data-id=\"f823d78\" data-element_type=\"widget\" data-widget_type=\"image.default\">\n\t\t\t\t<div class=\"elementor-widget-container\">\n\t\t\t\t\t\t\t\t\t\t\t\t\t\t\t<img width=\"450\" height=\"450\" src=\"https:\/\/electrostrefa.pl\/wp-content\/uploads\/2021\/11\/Liebherr-GKv-5790-produkt2.jpg\" class=\"attachment-large size-large\" alt=\"\" loading=\"lazy\" srcset=\"https:\/\/electrostrefa.pl\/wp-content\/uploads\/2021\/11\/Liebherr-GKv-5790-produkt2.jpg 450w, https:\/\/electrostrefa.pl\/wp-content\/uploads\/2021\/11\/Liebherr-GKv-5790-produkt2-300x300.jpg 300w, https:\/\/electrostrefa.pl\/wp-content\/uploads\/2021\/11\/Liebherr-GKv-5790-produkt2-150x150.jpg 150w, https:\/\/electrostrefa.pl\/wp-content\/uploads\/2021\/11\/Liebherr-GKv-5790-produkt2-100x100.jpg 100w\" sizes=\"(max-width: 450px) 100vw, 450px\" style=\"width:100%;height:100%;max-width:450px\" \/>\t\t\t\t\t\t\t\t\t\t\t\t\t\t\t<\/div>\n\t\t\t\t<\/div>\n\t\t\t\t\t<\/div>\n\t\t<\/div>\n\t\t\t\t<div class=\"elementor-column elementor-col-50 elementor-top-column elementor-element elementor-element-3cdbfd5\" data-id=\"3cdbfd5\" data-element_type=\"column\">\n\t\t\t<div class=\"elementor-widget-wrap elementor-element-populated\">\n\t\t\t\t\t\t\t\t<div class=\"elementor-element elementor-element-7ae4f52 elementor-widget elementor-widget-spacer\" data-id=\"7ae4f52\" data-element_type=\"widget\" data-widget_type=\"spacer.default\">\n\t\t\t\t<div class=\"elementor-widget-container\">\n\t\t\t\t\t<div class=\"elementor-spacer\">\n\t\t\t<div class=\"elementor-spacer-inner\"><\/div>\n\t\t<\/div>\n\t\t\t\t<\/div>\n\t\t\t\t<\/div>\n\t\t\t\t<div class=\"elementor-element elementor-element-30519fd elementor-widget elementor-widget-heading\" data-id=\"30519fd\" data-element_type=\"widget\" data-widget_type=\"heading.default\">\n\t\t\t\t<div class=\"elementor-widget-container\">\n\t\t\t<h2 class=\"elementor-heading-title elementor-size-default\">N\u00d3\u017bKI Z REGULACJ\u0104 WYSOKO\u015aCI<\/h2>\t\t<\/div>\n\t\t\t\t<\/div>\n\t\t\t\t<div class=\"elementor-element elementor-element-67457ba elementor-widget elementor-widget-text-editor\" data-id=\"67457ba\" data-element_type=\"widget\" data-widget_type=\"text-editor.default\">\n\t\t\t\t<div class=\"elementor-widget-container\">\n\t\t\t\t\t\t\t<p>W miejscach, gdzie utrzymanie higieny jest kluczowe, regulowane n\u00f3\u017cki poziomuj\u0105ce umo\u017cliwiaj\u0105 zachowanie prze\u015bwitu pomi\u0119dzy urz\u0105dzeniem a pod\u0142og\u0105, a tym samym u\u0142atwiaj\u0105 jej sprz\u0105tanie.<\/p><p>\u00a0<\/p>\t\t\t\t\t\t<\/div>\n\t\t\t\t<\/div>\n\t\t\t\t\t<\/div>\n\t\t<\/div>\n\t\t\t\t\t\t\t<\/div>\n\t\t<\/section>\n\t\t\t\t\t\t<\/div>\n\t\t\t\t\t<\/div>\n\t\t","protected":false},"excerpt":{"rendered":"<p style=\"text-align: center\">Za spraw\u0105 swojego stylowego kszta\u0142tu urz\u0105dzenia z linii <strong>SwingLine<\/strong> to wyb\u00f3r numer jeden dla tych, kt\u00f3rzy szukaj\u0105 wzorowego designu i najlepszych parametr\u00f3w technicznych. Atrakcyjne i eleganckie kszta\u0142ty urz\u0105dze\u0144 <strong>Liebherr<\/strong> idealnie dope\u0142ni\u0105 ka\u017cde \u015brodowisko profesjonalne. Drzwi urz\u0105dze\u0144 z linii <strong>SwingLine<\/strong> s\u0105 ergonomiczne, \u0142atwe w czyszczeniu i wygodne w otwieraniu dzi\u0119ki uchwytowi wbudowanemu na ca\u0142ej d\u0142ugo\u015bci drzwi.<\/p>\n<p>&nbsp;<\/p>\n","protected":false},"featured_media":1059,"template":"","meta":{"_jet_sm_ready_style":"","_jet_sm_style":"","_jet_sm_controls_values":""},"product_cat":[60,31],"product_tag":[216,74,230,232,231,81,229,135,202,126,228,134],"_links":{"self":[{"href":"https:\/\/electrostrefa.pl\/index.php\/wp-json\/wp\/v2\/product\/1057"}],"collection":[{"href":"https:\/\/electrostrefa.pl\/index.php\/wp-json\/wp\/v2\/product"}],"about":[{"href":"https:\/\/electrostrefa.pl\/index.php\/wp-json\/wp\/v2\/types\/product"}],"version-history":[{"count":7,"href":"https:\/\/electrostrefa.pl\/index.php\/wp-json\/wp\/v2\/product\/1057\/revisions"}],"predecessor-version":[{"id":1634,"href":"https:\/\/electrostrefa.pl\/index.php\/wp-json\/wp\/v2\/product\/1057\/revisions\/1634"}],"wp:featuredmedia":[{"embeddable":true,"href":"https:\/\/electrostrefa.pl\/index.php\/wp-json\/wp\/v2\/media\/1059"}],"wp:attachment":[{"href":"https:\/\/electrostrefa.pl\/index.php\/wp-json\/wp\/v2\/media?parent=1057"}],"wp:term":[{"taxonomy":"product_cat","embeddable":true,"href":"https:\/\/electrostrefa.pl\/index.php\/wp-json\/wp\/v2\/product_cat?post=1057"},{"taxonomy":"product_tag","embeddable":true,"href":"https:\/\/electrostrefa.pl\/index.php\/wp-json\/wp\/v2\/product_tag?post=1057"}],"curies":[{"name":"wp","href":"https:\/\/api.w.org\/{rel}","templated":true}]}}