{"id":140,"date":"2021-10-21T09:41:49","date_gmt":"2021-10-21T09:41:49","guid":{"rendered":"https:\/\/electrostrefa.pl\/?page_id=140"},"modified":"2021-10-21T09:45:49","modified_gmt":"2021-10-21T09:45:49","slug":"polityka-prywatnosci","status":"publish","type":"page","link":"https:\/\/electrostrefa.pl\/index.php\/polityka-prywatnosci\/","title":{"rendered":"Polityka prywatno\u015bci"},"content":{"rendered":"\t\t<div data-elementor-type=\"wp-page\" data-elementor-id=\"140\" class=\"elementor elementor-140\" data-elementor-settings=\"[]\">\n\t\t\t\t\t\t\t<div class=\"elementor-section-wrap\">\n\t\t\t\t\t\t\t<section class=\"elementor-section elementor-top-section elementor-element elementor-element-3f72102 elementor-section-boxed elementor-section-height-default elementor-section-height-default\" data-id=\"3f72102\" data-element_type=\"section\">\n\t\t\t\t\t\t<div class=\"elementor-container elementor-column-gap-default\">\n\t\t\t\t\t<div class=\"elementor-column elementor-col-100 elementor-top-column elementor-element elementor-element-23066e7\" data-id=\"23066e7\" data-element_type=\"column\">\n\t\t\t<div class=\"elementor-widget-wrap elementor-element-populated\">\n\t\t\t\t\t\t\t\t<div class=\"elementor-element elementor-element-26faf07 elementor-widget elementor-widget-text-editor\" data-id=\"26faf07\" data-element_type=\"widget\" data-widget_type=\"text-editor.default\">\n\t\t\t\t<div class=\"elementor-widget-container\">\n\t\t\t<style>\/*! elementor - v3.5.5 - 03-02-2022 *\/\n.elementor-widget-text-editor.elementor-drop-cap-view-stacked .elementor-drop-cap{background-color:#818a91;color:#fff}.elementor-widget-text-editor.elementor-drop-cap-view-framed .elementor-drop-cap{color:#818a91;border:3px solid;background-color:transparent}.elementor-widget-text-editor:not(.elementor-drop-cap-view-default) .elementor-drop-cap{margin-top:8px}.elementor-widget-text-editor:not(.elementor-drop-cap-view-default) .elementor-drop-cap-letter{width:1em;height:1em}.elementor-widget-text-editor .elementor-drop-cap{float:left;text-align:center;line-height:1;font-size:50px}.elementor-widget-text-editor .elementor-drop-cap-letter{display:inline-block}<\/style>\t\t\t\t<p><strong>Polityka prywatno\u015bci sklepu electrostrefa<\/strong><br \/><strong>https:\/\/electrostrefa.pl<\/strong><br \/><strong>(&#8220;Sklep&#8221;)<\/strong><\/p>\t\t\t\t\t\t<\/div>\n\t\t\t\t<\/div>\n\t\t\t\t\t<\/div>\n\t\t<\/div>\n\t\t\t\t\t\t\t<\/div>\n\t\t<\/section>\n\t\t\t\t<section class=\"elementor-section elementor-top-section elementor-element elementor-element-752250e elementor-section-boxed elementor-section-height-default elementor-section-height-default\" data-id=\"752250e\" data-element_type=\"section\">\n\t\t\t\t\t\t<div class=\"elementor-container elementor-column-gap-default\">\n\t\t\t\t\t<div class=\"elementor-column elementor-col-100 elementor-top-column elementor-element elementor-element-5f67161\" data-id=\"5f67161\" data-element_type=\"column\">\n\t\t\t<div class=\"elementor-widget-wrap elementor-element-populated\">\n\t\t\t\t\t\t\t\t<div class=\"elementor-element elementor-element-a998d10 elementor-widget elementor-widget-text-editor\" data-id=\"a998d10\" data-element_type=\"widget\" data-widget_type=\"text-editor.default\">\n\t\t\t\t<div class=\"elementor-widget-container\">\n\t\t\t\t\t\t\t<p><strong>Drogi U\u017cytkowniku!<\/strong><br \/>Dbamy o Twoj\u0105 prywatno\u015b\u0107 i chcemy, aby\u015b w czasie korzystania z naszych us\u0142ug czu\u0142 si\u0119 komfortowo. Dlatego te\u017c poni\u017cej prezentujemy Ci najwa\u017cniejsze informacje o zasadach przetwarzania przez nas Twoich danych osobowych oraz plikach cookies, kt\u00f3re s\u0105 wykorzystywane przez nasz Sklep. Informacje te zosta\u0142y przygotowane z uwzgl\u0119dnieniem RODO, czyli og\u00f3lnego rozporz\u0105dzenia o ochronie danych.<\/p>\t\t\t\t\t\t<\/div>\n\t\t\t\t<\/div>\n\t\t\t\t\t<\/div>\n\t\t<\/div>\n\t\t\t\t\t\t\t<\/div>\n\t\t<\/section>\n\t\t\t\t<section class=\"elementor-section elementor-top-section elementor-element elementor-element-77d2690 elementor-section-boxed elementor-section-height-default elementor-section-height-default\" data-id=\"77d2690\" data-element_type=\"section\">\n\t\t\t\t\t\t<div class=\"elementor-container elementor-column-gap-default\">\n\t\t\t\t\t<div class=\"elementor-column elementor-col-100 elementor-top-column elementor-element elementor-element-beb2c2c\" data-id=\"beb2c2c\" data-element_type=\"column\">\n\t\t\t<div class=\"elementor-widget-wrap elementor-element-populated\">\n\t\t\t\t\t\t\t\t<div class=\"elementor-element elementor-element-9d8840a elementor-widget elementor-widget-text-editor\" data-id=\"9d8840a\" data-element_type=\"widget\" data-widget_type=\"text-editor.default\">\n\t\t\t\t<div class=\"elementor-widget-container\">\n\t\t\t\t\t\t\t<p><strong>ADMINISTRATOR DANYCH OSOBOWYCH (&#8220;Administrator&#8221;)<\/strong><br \/>SZCZEPAN BIRKOS, przedsi\u0119biorca prowadz\u0105cy dzia\u0142alno\u015b\u0107 gospodarcz\u0105 pod nazw\u0105 IMPORT-SERVICE SZCZEPAN BIRKOS, wpisany do Centralnej Ewidencji i Informacji o Dzia\u0142alno\u015bci Gospodarczej prowadzonej przez ministra w\u0142a\u015bciwego do spraw gospodarki i prowadzenia Centralnej Ewidencji i Informacji o Dzia\u0142alno\u015bci Gospodarczej, NIP 7391166109 , nr REGON 510564914, ul. Irysowa 4, 10-687 Bart\u0105g .<\/p><p><br \/><strong>DANE OSOBOWE I PRYWATNO\u015a\u0106<\/strong><br \/>Je\u015bli zamierzasz za\u0142o\u017cy\u0107 Konto U\u017cytkownika oraz korzysta\u0107 z naszych us\u0142ug, zostaniesz poproszony o podanie nam Twoich danych osobowych.<br \/>Twoje dane przetwarzane s\u0105 przez nas we wskazanych poni\u017cej celach, zwi\u0105zanych z funkcjonowaniem Sklepu i \u015bwiadczeniem us\u0142ug w nim oferowanych (\u201eUs\u0142ugi\u201d).<br \/>Cel przetwarzania:<br \/>W zale\u017cno\u015bci od tego, na co si\u0119 zdecydujesz, mo\u017ce to by\u0107:<br \/>\u015awiadczenie us\u0142ug oferowanych w Sklepie<br \/>Realizacja Twoich zam\u00f3wie\u0144<br \/>Marketing bezpo\u015bredni<br \/>Przesy\u0142anie newslettera<br \/>Podstawa przetwarzania:<br \/>Umowa sprzeda\u017cy lub dzia\u0142ania podejmowane na Twoje \u017c\u0105danie, zmierzaj\u0105ce do jej zawarcia (art. 6 ust. 1 lit. b RODO)<br \/>Ci\u0105\u017c\u0105cy na nas obowi\u0105zek prawny, np. zwi\u0105zany z rachunkowo\u015bci\u0105 (art. 6 ust. 1 lit. c RODO)<br \/>Twoja zgoda wyra\u017cona w Sklepie (art. 6 ust. 1 lit. a RODO)<br \/>Umowa o \u015bwiadczenie us\u0142ug lub dzia\u0142ania podejmowane na Twoje \u017c\u0105danie, zmierzaj\u0105ce do jej zawarcia (art. 6 ust. 1 lit. b RODO)<br \/>Nasz prawnie uzasadniony interes, polegaj\u0105cy na przetwarzaniu danych w celu ustalenia, dochodzenia lub obrony ewentualnych roszcze\u0144 (art. 6 ust. 1 lit. f RODO)<br \/>Nasz prawnie uzasadniony interes, polegaj\u0105cy na prowadzeniu marketingu bezpo\u015bredniego (art. 6 ust. 1 lit. f RODO)<br \/>Nasz prawnie uzasadniony interes polegaj\u0105cy na przetwarzaniu danych w celach analitycznych i statystycznych\u00a0(art. 6 ust. 1 lit. f RODO)<br \/>Nasz prawnie uzasadniony interes polegaj\u0105cy na\u00a0badaniu satysfakcji klient\u00f3w (art. 6 ust. 1 lit. f RODO)<br \/>Podanie danych:<br \/>Dobrowolne, ale w niekt\u00f3rych przypadkach mo\u017ce by\u0107 konieczne do zawarcia umowy.<br \/>Skutek niepodania danych:<br \/>W zale\u017cno\u015bci od celu, w jakim dane s\u0105 podawane:<br \/>brak mo\u017cliwo\u015bci zarejestrowania si\u0119 w Sklepie<br \/>brak mo\u017cliwo\u015bci korzystania z us\u0142ug Sklepu<br \/>brak mo\u017cliwo\u015bci dokonania zakup\u00f3w w Sklepie<br \/>brak mo\u017cliwo\u015bci otrzymywania informacji o promocjach czy ofertach specjalnych, oferowanych w Sklepie<br \/>Mo\u017cliwo\u015b\u0107 cofni\u0119cia zgody:<br \/>w ka\u017cdej chwili<br \/>Przetwarzanie danych do momentu cofni\u0119cia przez Ciebie zgody pozostaje zgodne z prawem.<\/p><p><br \/><strong>PROFILOWANIE<\/strong><br \/>W ramach Sklepu mo\u017cemy automatycznie dopasowywa\u0107 pewne tre\u015bci do Twoich potrzeb, tj. dokonywa\u0107 profilowania, wykorzystuj\u0105c do tego podane przez Ciebie dane osobowe.<br \/>W przypadku, gdyby profilowanie mog\u0142o skutkowa\u0107 podejmowaniem decyzji wywo\u0142uj\u0105cych wobec Ciebie skutki prawne lub wp\u0142ywaj\u0105cych na Ciebie w podobnie istotny spos\u00f3b, b\u0119dziemy je przeprowadza\u0107 tylko wtedy, gdy wyrazisz na to zgod\u0119.<br \/>Pami\u0119taj, \u017ce zgod\u0119 w ka\u017cdej chwili mo\u017cesz odwo\u0142a\u0107. Przetwarzanie danych do momentu cofni\u0119cia przez Ciebie zgody pozostaje zgodne z prawem.<\/p><p><br \/><strong>OKRES PRZETWARZANIA<\/strong><br \/>Twoje dane b\u0119dziemy przetwarza\u0107 tylko przez okres, w kt\u00f3rym b\u0119dziemy mie\u0107 ku temu podstaw\u0119 prawn\u0105, a wi\u0119c do momentu, w kt\u00f3rym:<br \/>przestanie ci\u0105\u017cy\u0107 na nas obowi\u0105zek prawny, zobowi\u0105zuj\u0105cy nas do przetwarzania Twoich danych<br \/>ustanie mo\u017cliwo\u015b\u0107 ustalania, dochodzenia lub obrony ewentualnych roszcze\u0144 zwi\u0105zanych z umow\u0105 zawart\u0105 przez Sklep przez strony<br \/>cofniesz zgod\u0119 na przetwarzanie danych, je\u015bli to ona by\u0142a jego podstaw\u0105<br \/>zostanie przyj\u0119ty Tw\u00f3j sprzeciw wobec przetwarzania Twoich danych osobowych &#8211; w przypadku gdy podstaw\u0105 przetwarzania Twoich danych by\u0142 uzasadniony interes administratora lub gdy dane by\u0142y przetwarzane w celu marketingu bezpo\u015bredniego, w tym profilowania<br \/>&#8211; w zale\u017cno\u015bci od tego, co ma zastosowanie w danym przypadku i co nast\u0105pi najp\u00f3\u017aniej.<\/p><p><br \/><strong>BEZPIECZE\u0143STWO DANYCH<\/strong><br \/>Przetwarzaj\u0105c Twoje dane osobowe stosujemy \u015brodki organizacyjne i techniczne zgodne z w\u0142a\u015bciwymi przepisami prawa, w tym stosujemy szyfrowanie po\u0142\u0105czenia za pomoc\u0105 certyfikatu SSL.<\/p><p><br \/><strong>TWOJE UPRAWNIENIA<\/strong><br \/>Przys\u0142uguje Ci prawo \u017c\u0105dania:<br \/>dost\u0119pu do Twoich danych osobowych,<br \/>ich sprostowania,<br \/>usuni\u0119cia,<br \/>ograniczenia przetwarzania,<br \/>\u017c\u0105dania przeniesienia danych do innego administratora,<br \/>A tak\u017ce:<br \/>wniesienia w dowolnym momencie sprzeciwu wobec przetwarzania Twoich danych:<br \/>z przyczyn zwi\u0105zanych z Twoj\u0105 szczeg\u00f3ln\u0105 sytuacj\u0105 \u2013 wobec przetwarzania dotycz\u0105cych Ciebie danych osobowych, opartego na art. 6 ust. 1 lit. f RODO (tj. na prawnie uzasadnionych interesach realizowanych przez administratora), w tym profilowania na podstawie tych przepis\u00f3w,<br \/>je\u017celi dane osobowe s\u0105 przetwarzane na potrzeby marketingu bezpo\u015bredniego, w tym profilowania, w zakresie, w jakim przetwarzanie jest zwi\u0105zane z takim marketingiem bezpo\u015brednim.<br \/>Skontaktuj si\u0119 z nami, je\u015bli chcesz skorzysta\u0107 ze swoich praw.<br \/>Je\u015bli uznasz, \u017ce Twoje dane s\u0105 przetwarzane niezgodnie z prawem, mo\u017cesz z\u0142o\u017cy\u0107 skarg\u0119 do organu nadzorczego.<\/p><p><br \/><strong>CIASTECZKA<\/strong><br \/>Nasz Sklep, jak wi\u0119kszo\u015b\u0107 witryn internetowych, korzysta z tzw. plik\u00f3w cookies (ciasteczek). Pliki te:<br \/>s\u0105 zapisywane w pami\u0119ci Twojego urz\u0105dzenia (komputera, telefonu, itd.)<br \/>umo\u017cliwiaj\u0105 Ci, m.in., korzystanie ze wszystkich funkcji Sklepu<br \/>nie powoduj\u0105 zmian w ustawieniach Twojego urz\u0105dzenia<br \/>Korzystaj\u0105c z odpowiednich opcji Twojej przegl\u0105darki, w ka\u017cdej chwili mo\u017cesz:<br \/>usun\u0105\u0107 pliki cookies<br \/>blokowa\u0107 wykorzystanie plik\u00f3w cookies w przysz\u0142o\u015bci<br \/>W tym Sklepie ciasteczka wykorzystywane s\u0105 w celu:<br \/>zapami\u0119tywania informacji o Twojej sesji<br \/>statystycznym<br \/>marketingowym<br \/>udost\u0119pniania funkcji Sklepu<br \/>Aby dowiedzie\u0107 si\u0119 jak zarz\u0105dza\u0107 plikami cookies, w tym jak wy\u0142\u0105czy\u0107 ich obs\u0142ug\u0119 w Twojej przegl\u0105darce, mo\u017cesz skorzysta\u0107 z pliku pomocy Twojej przegl\u0105darki. Z informacjami na ten temat mo\u017cesz zapozna\u0107 si\u0119 wciskaj\u0105c klawisz F1 w przegl\u0105darce. Ponadto odpowiednie wskaz\u00f3wki znajdziesz na nast\u0119puj\u0105cych podstronach, w zale\u017cno\u015bci od przegl\u0105darki, kt\u00f3rej u\u017cywasz:<br \/>Firefox<br \/>Chrome<br \/>Safari<br \/>Internet Explorer \/ Microsoft Edge<br \/>Wi\u0119cej informacji o ciasteczkach znajdziesz w\u00a0Wikipedii.<\/p><p><br \/><strong>US\u0141UGI ZEWN\u0118TRZNE \/ ODBIORCY DANYCH<\/strong><br \/>Korzystamy z us\u0142ug podmiot\u00f3w zewn\u0119trznych, kt\u00f3rym mog\u0105 by\u0107 przekazywane Twoje dane. Poni\u017cej znajduje si\u0119 lista mo\u017cliwych odbiorc\u00f3w Twoich danych:<br \/>dostawca oprogramowania potrzebnego do prowadzenia sklepu internetowego<br \/>podmiot realizuj\u0105cy dostaw\u0119 towar\u00f3w<br \/>dostawca p\u0142atno\u015bci<br \/>biuro ksi\u0119gowe<br \/>hostingodawca<br \/>podmiot zapewniaj\u0105cy us\u0142ugi marketingowe<br \/>podmiot zapewniaj\u0105cy us\u0142ugi statystyczne<br \/>odpowiednie organy publiczne w zakresie, w jakim Administrator jest zobowi\u0105zany do udost\u0119pnienia im danych<br \/>W sprawach nieuregulowanych regulaminem zastosowanie maj\u0105 postanowienia Kodeksu cywilnego i odpowiednich ustaw prawa polskiego, a tak\u017ce prawa Unii Europejskiej, w szczeg\u00f3lno\u015bci RODO (Rozporz\u0105dzenie Parlamentu Europejskiego i Rady (UE) 2016\/679 z dnia 27 kwietnia 2016 r. w sprawie ochrony os\u00f3b fizycznych w zwi\u0105zku z przetwarzaniem danych osobowych i w sprawie swobodnego przep\u0142ywu takich danych oraz uchylenia dyrektywy 95\/46\/WE).<\/p><p><br \/><strong>KONTAKT Z ADMINISTRATOREM<\/strong><br \/>Chcesz skorzysta\u0107 ze swoich uprawnie\u0144 dotycz\u0105cych danych osobowych?<br \/>A mo\u017ce po prostu chcesz zapyta\u0107 o co\u015b zwi\u0105zanego z nasz\u0105 Polityk\u0105 Prywatno\u015bci?<br \/>Napisz na adres e-mail:<br \/><strong><em>info@electrostrefa.pl<\/em><\/strong><\/p>\t\t\t\t\t\t<\/div>\n\t\t\t\t<\/div>\n\t\t\t\t\t<\/div>\n\t\t<\/div>\n\t\t\t\t\t\t\t<\/div>\n\t\t<\/section>\n\t\t\t\t\t\t<\/div>\n\t\t\t\t\t<\/div>\n\t\t","protected":false},"excerpt":{"rendered":"<p>Polityka prywatno\u015bci sklepu electrostrefahttps:\/\/electrostrefa.pl(&#8220;Sklep&#8221;) Drogi U\u017cytkowniku!Dbamy o Twoj\u0105 prywatno\u015b\u0107 i chcemy, aby\u015b w czasie korzystania z naszych us\u0142ug czu\u0142 si\u0119 komfortowo. Dlatego te\u017c poni\u017cej prezentujemy Ci najwa\u017cniejsze informacje o zasadach przetwarzania przez nas Twoich danych osobowych oraz plikach cookies, kt\u00f3re s\u0105 wykorzystywane przez nasz Sklep. Informacje te zosta\u0142y przygotowane z uwzgl\u0119dnieniem RODO, czyli og\u00f3lnego rozporz\u0105dzenia&hellip; <a class=\"more-link\" href=\"https:\/\/electrostrefa.pl\/index.php\/polityka-prywatnosci\/\">Czytaj dalej <span class=\"screen-reader-text\">Polityka prywatno\u015bci<\/span><\/a><\/p>\n","protected":false},"author":2,"featured_media":0,"parent":0,"menu_order":0,"comment_status":"closed","ping_status":"closed","template":"","meta":{"_jet_sm_ready_style":"","_jet_sm_style":"","_jet_sm_controls_values":""},"_links":{"self":[{"href":"https:\/\/electrostrefa.pl\/index.php\/wp-json\/wp\/v2\/pages\/140"}],"collection":[{"href":"https:\/\/electrostrefa.pl\/index.php\/wp-json\/wp\/v2\/pages"}],"about":[{"href":"https:\/\/electrostrefa.pl\/index.php\/wp-json\/wp\/v2\/types\/page"}],"author":[{"embeddable":true,"href":"https:\/\/electrostrefa.pl\/index.php\/wp-json\/wp\/v2\/users\/2"}],"replies":[{"embeddable":true,"href":"https:\/\/electrostrefa.pl\/index.php\/wp-json\/wp\/v2\/comments?post=140"}],"version-history":[{"count":4,"href":"https:\/\/electrostrefa.pl\/index.php\/wp-json\/wp\/v2\/pages\/140\/revisions"}],"predecessor-version":[{"id":144,"href":"https:\/\/electrostrefa.pl\/index.php\/wp-json\/wp\/v2\/pages\/140\/revisions\/144"}],"wp:attachment":[{"href":"https:\/\/electrostrefa.pl\/index.php\/wp-json\/wp\/v2\/media?parent=140"}],"curies":[{"name":"wp","href":"https:\/\/api.w.org\/{rel}","templated":true}]}}