{"id":135,"date":"2021-10-21T09:36:09","date_gmt":"2021-10-21T09:36:09","guid":{"rendered":"https:\/\/electrostrefa.pl\/?page_id=135"},"modified":"2021-10-21T09:40:23","modified_gmt":"2021-10-21T09:40:23","slug":"formy-platnosci","status":"publish","type":"page","link":"https:\/\/electrostrefa.pl\/index.php\/formy-platnosci\/","title":{"rendered":"Formy p\u0142atno\u015bci"},"content":{"rendered":"\t\t<div data-elementor-type=\"wp-page\" data-elementor-id=\"135\" class=\"elementor elementor-135\" data-elementor-settings=\"[]\">\n\t\t\t\t\t\t\t<div class=\"elementor-section-wrap\">\n\t\t\t\t\t\t\t<section class=\"elementor-section elementor-top-section elementor-element elementor-element-7a17153 elementor-section-boxed elementor-section-height-default elementor-section-height-default\" data-id=\"7a17153\" data-element_type=\"section\">\n\t\t\t\t\t\t<div class=\"elementor-container elementor-column-gap-default\">\n\t\t\t\t\t<div class=\"elementor-column elementor-col-100 elementor-top-column elementor-element elementor-element-caadcfe\" data-id=\"caadcfe\" data-element_type=\"column\">\n\t\t\t<div class=\"elementor-widget-wrap elementor-element-populated\">\n\t\t\t\t\t\t\t\t<div class=\"elementor-element elementor-element-4cab4df elementor-widget elementor-widget-text-editor\" data-id=\"4cab4df\" data-element_type=\"widget\" data-widget_type=\"text-editor.default\">\n\t\t\t\t<div class=\"elementor-widget-container\">\n\t\t\t<style>\/*! elementor - v3.5.5 - 03-02-2022 *\/\n.elementor-widget-text-editor.elementor-drop-cap-view-stacked .elementor-drop-cap{background-color:#818a91;color:#fff}.elementor-widget-text-editor.elementor-drop-cap-view-framed .elementor-drop-cap{color:#818a91;border:3px solid;background-color:transparent}.elementor-widget-text-editor:not(.elementor-drop-cap-view-default) .elementor-drop-cap{margin-top:8px}.elementor-widget-text-editor:not(.elementor-drop-cap-view-default) .elementor-drop-cap-letter{width:1em;height:1em}.elementor-widget-text-editor .elementor-drop-cap{float:left;text-align:center;line-height:1;font-size:50px}.elementor-widget-text-editor .elementor-drop-cap-letter{display:inline-block}<\/style>\t\t\t\t<p><strong>Obs\u0142ugiwane rodzaje p\u0142atno\u015bci<\/strong><\/p>\t\t\t\t\t\t<\/div>\n\t\t\t\t<\/div>\n\t\t\t\t\t<\/div>\n\t\t<\/div>\n\t\t\t\t\t\t\t<\/div>\n\t\t<\/section>\n\t\t\t\t<section class=\"elementor-section elementor-top-section elementor-element elementor-element-015e370 elementor-section-boxed elementor-section-height-default elementor-section-height-default\" data-id=\"015e370\" data-element_type=\"section\">\n\t\t\t\t\t\t<div class=\"elementor-container elementor-column-gap-default\">\n\t\t\t\t\t<div class=\"elementor-column elementor-col-100 elementor-top-column elementor-element elementor-element-16aba0b\" data-id=\"16aba0b\" data-element_type=\"column\">\n\t\t\t<div class=\"elementor-widget-wrap elementor-element-populated\">\n\t\t\t\t\t\t\t\t<div class=\"elementor-element elementor-element-8a28b33 elementor-widget elementor-widget-text-editor\" data-id=\"8a28b33\" data-element_type=\"widget\" data-widget_type=\"text-editor.default\">\n\t\t\t\t<div class=\"elementor-widget-container\">\n\t\t\t\t\t\t\t<ul><li>Got\u00f3wka (Odbi\u00f3r osobisty)<\/li><li>Pobranie (Kurier)<\/li><li>Przelew tradycyjny (Odbi\u00f3r osobisty i kurier)<\/li><li>Przelew b\u0142yskawiczny (Odbi\u00f3r osobisty i kurier)<\/li><\/ul><p>\u00a0<\/p><p>Bezpiecze\u0144stwo p\u0142atno\u015bci online zapewnia Tpay. oferuj\u0105c us\u0142ug\u0119 Tpay (tpay.com)<\/p><p><br \/><strong>Banki dost\u0119pne w us\u0142udze \u201cPay-by link\u201d<\/strong><\/p><p><br \/>P\u0142a\u0107 z ING [ING Bank \u015al\u0105ski]<br \/>NeoBank [NeoBank]<br \/>mTransfer [mBank]<br \/>Przelew24 [Santander Bank Polska]<br \/>Pekao24Przelew [Pekao]<br \/>P\u0142ac\u0119 z iPKO [PKO BP]<br \/>P\u0142ac\u0119 z Getin Bank [Getin Bank]<br \/>P\u0142ac\u0119 z Noble Bank [Noble Bank]<br \/>P\u0142ac\u0119 z Idea Bank [Ideabank]<br \/>Credit Agricole e-przelew [Cr\u00e9dit Agricole]<br \/>P\u0142ac\u0119 z T-mobile Us\u0142ugi Bankowe [T-Mobile dostarczane przez Alior Bank]<br \/>P\u0142ac\u0119 z Eurobankiem [Eurobank]<br \/>P\u0142ac\u0119 z Alior Bankiem [Alior Bank]<br \/>P\u0142ac\u0119 z PBS [Podkarpacki Bank Sp\u00f3\u0142dzielczy]<br \/>Millennium &#8211; p\u0142atno\u015bci internetowe [Millennium Bank]<br \/>R-Przelew [Raiffeisen Polbank]<br \/>Przelew z Citi Handlowy [Citi Handlowy]<br \/>P\u0142a\u0107 z BO\u015a [BO\u015a Bank]<br \/>P\u0142ac\u0119 z BG\u017b BNP Paribas [BG\u017b BNP Paribas]<br \/>P\u0142ac\u0119 z Orange [Orange Finanse]<br \/>Pocztowy24 [Bank Pocztowy]<br \/>P\u0142ac\u0119 z Plus Bank [Plus Bank]<br \/>Bank Sp\u00f3\u0142dzielczy [Bank Sp\u00f3\u0142dzielczy]<br \/>Bank Sp\u00f3\u0142dzielczy w Brodnicy [Bank Sp\u00f3\u0142dzielczy w Brodnicy]<br \/>nestPrzelew [Nest Bank]<br \/>Envelo Bank [Envelo Bank]<br \/>Operatorzy kart p\u0142atniczych, dost\u0119pnych w us\u0142udz\u0119 \u201cimoje\u201d<br \/>Visa<br \/>MasterCard<\/p><p><br \/><strong>W przypadku wyst\u0105pienia konieczno\u015b\u0107 zwrotu \u015brodk\u00f3w za transakcj\u0119 dokonan\u0105 przez klienta kart\u0105 p\u0142atnicz\u0105 sprzedaj\u0105cy dokonana zwrotu na rachunek bankowy przypisany do karty p\u0142atniczej Zamawiaj\u0105cego.<\/strong><\/p>\t\t\t\t\t\t<\/div>\n\t\t\t\t<\/div>\n\t\t\t\t\t<\/div>\n\t\t<\/div>\n\t\t\t\t\t\t\t<\/div>\n\t\t<\/section>\n\t\t\t\t\t\t<\/div>\n\t\t\t\t\t<\/div>\n\t\t","protected":false},"excerpt":{"rendered":"<p>Obs\u0142ugiwane rodzaje p\u0142atno\u015bci Got\u00f3wka (Odbi\u00f3r osobisty) Pobranie (Kurier) Przelew tradycyjny (Odbi\u00f3r osobisty i kurier) Przelew b\u0142yskawiczny (Odbi\u00f3r osobisty i kurier) \u00a0 Bezpiecze\u0144stwo p\u0142atno\u015bci online zapewnia Tpay. oferuj\u0105c us\u0142ug\u0119 Tpay (tpay.com) Banki dost\u0119pne w us\u0142udze \u201cPay-by link\u201d P\u0142a\u0107 z ING [ING Bank \u015al\u0105ski]NeoBank [NeoBank]mTransfer [mBank]Przelew24 [Santander Bank Polska]Pekao24Przelew [Pekao]P\u0142ac\u0119 z iPKO [PKO BP]P\u0142ac\u0119 z Getin Bank&hellip; <a class=\"more-link\" href=\"https:\/\/electrostrefa.pl\/index.php\/formy-platnosci\/\">Czytaj dalej <span class=\"screen-reader-text\">Formy p\u0142atno\u015bci<\/span><\/a><\/p>\n","protected":false},"author":2,"featured_media":0,"parent":0,"menu_order":0,"comment_status":"closed","ping_status":"closed","template":"","meta":{"_jet_sm_ready_style":"","_jet_sm_style":"","_jet_sm_controls_values":""},"_links":{"self":[{"href":"https:\/\/electrostrefa.pl\/index.php\/wp-json\/wp\/v2\/pages\/135"}],"collection":[{"href":"https:\/\/electrostrefa.pl\/index.php\/wp-json\/wp\/v2\/pages"}],"about":[{"href":"https:\/\/electrostrefa.pl\/index.php\/wp-json\/wp\/v2\/types\/page"}],"author":[{"embeddable":true,"href":"https:\/\/electrostrefa.pl\/index.php\/wp-json\/wp\/v2\/users\/2"}],"replies":[{"embeddable":true,"href":"https:\/\/electrostrefa.pl\/index.php\/wp-json\/wp\/v2\/comments?post=135"}],"version-history":[{"count":4,"href":"https:\/\/electrostrefa.pl\/index.php\/wp-json\/wp\/v2\/pages\/135\/revisions"}],"predecessor-version":[{"id":139,"href":"https:\/\/electrostrefa.pl\/index.php\/wp-json\/wp\/v2\/pages\/135\/revisions\/139"}],"wp:attachment":[{"href":"https:\/\/electrostrefa.pl\/index.php\/wp-json\/wp\/v2\/media?parent=135"}],"curies":[{"name":"wp","href":"https:\/\/api.w.org\/{rel}","templated":true}]}}