{"id":130,"date":"2021-10-21T09:32:04","date_gmt":"2021-10-21T09:32:04","guid":{"rendered":"https:\/\/electrostrefa.pl\/?page_id=130"},"modified":"2021-10-21T09:33:57","modified_gmt":"2021-10-21T09:33:57","slug":"czas-i-koszt-dostawy","status":"publish","type":"page","link":"https:\/\/electrostrefa.pl\/index.php\/czas-i-koszt-dostawy\/","title":{"rendered":"Czas i koszt dostawy"},"content":{"rendered":"\t\t<div data-elementor-type=\"wp-page\" data-elementor-id=\"130\" class=\"elementor elementor-130\" data-elementor-settings=\"[]\">\n\t\t\t\t\t\t\t<div class=\"elementor-section-wrap\">\n\t\t\t\t\t\t\t<section class=\"elementor-section elementor-top-section elementor-element elementor-element-9f79ef4 elementor-section-boxed elementor-section-height-default elementor-section-height-default\" data-id=\"9f79ef4\" data-element_type=\"section\">\n\t\t\t\t\t\t<div class=\"elementor-container elementor-column-gap-default\">\n\t\t\t\t\t<div class=\"elementor-column elementor-col-100 elementor-top-column elementor-element elementor-element-5712cd8\" data-id=\"5712cd8\" data-element_type=\"column\">\n\t\t\t<div class=\"elementor-widget-wrap elementor-element-populated\">\n\t\t\t\t\t\t\t\t<div class=\"elementor-element elementor-element-75502d7 elementor-widget elementor-widget-text-editor\" data-id=\"75502d7\" data-element_type=\"widget\" data-widget_type=\"text-editor.default\">\n\t\t\t\t<div class=\"elementor-widget-container\">\n\t\t\t<style>\/*! elementor - v3.5.5 - 03-02-2022 *\/\n.elementor-widget-text-editor.elementor-drop-cap-view-stacked .elementor-drop-cap{background-color:#818a91;color:#fff}.elementor-widget-text-editor.elementor-drop-cap-view-framed .elementor-drop-cap{color:#818a91;border:3px solid;background-color:transparent}.elementor-widget-text-editor:not(.elementor-drop-cap-view-default) .elementor-drop-cap{margin-top:8px}.elementor-widget-text-editor:not(.elementor-drop-cap-view-default) .elementor-drop-cap-letter{width:1em;height:1em}.elementor-widget-text-editor .elementor-drop-cap{float:left;text-align:center;line-height:1;font-size:50px}.elementor-widget-text-editor .elementor-drop-cap-letter{display:inline-block}<\/style>\t\t\t\t<p><strong>Czas i koszt dostawy<\/strong><\/p>\t\t\t\t\t\t<\/div>\n\t\t\t\t<\/div>\n\t\t\t\t\t<\/div>\n\t\t<\/div>\n\t\t\t\t\t\t\t<\/div>\n\t\t<\/section>\n\t\t\t\t<section class=\"elementor-section elementor-top-section elementor-element elementor-element-8d8c4f5 elementor-section-boxed elementor-section-height-default elementor-section-height-default\" data-id=\"8d8c4f5\" data-element_type=\"section\">\n\t\t\t\t\t\t<div class=\"elementor-container elementor-column-gap-default\">\n\t\t\t\t\t<div class=\"elementor-column elementor-col-100 elementor-top-column elementor-element elementor-element-a8c5d8a\" data-id=\"a8c5d8a\" data-element_type=\"column\">\n\t\t\t<div class=\"elementor-widget-wrap elementor-element-populated\">\n\t\t\t\t\t\t\t\t<div class=\"elementor-element elementor-element-10f91a6 elementor-widget elementor-widget-text-editor\" data-id=\"10f91a6\" data-element_type=\"widget\" data-widget_type=\"text-editor.default\">\n\t\t\t\t<div class=\"elementor-widget-container\">\n\t\t\t\t\t\t\t<p><strong>Koszt<\/strong><br \/>Jest uzale\u017cniony od formy p\u0142atno\u015bci oraz \u0142\u0105cznej wagi zam\u00f3wienia. Ca\u0142e zam\u00f3wienie jest wysy\u0142ane w jednej przesy\u0142ce i klient ponosi jeden koszt dostawy.<br \/>Szczeg\u00f3\u0142owe koszty dostawy:<br \/>Przesy\u0142ka kurierska &#8211; 16 z\u0142<br \/>Przesy\u0142ka kurierska (pobranie) &#8211; 20 z\u0142<br \/>Odbi\u00f3r osobisty &#8211; 0 z\u0142<br \/>Warto\u015b\u0107 przesy\u0142ki jest wi\u0119ksza lub r\u00f3wna 300 z\u0142 &#8211; 0 z\u0142<\/p><p>\u00a0<\/p><p><strong>Terminy zap\u0142aty<\/strong><br \/>W przypadku wyboru formy p\u0142atno\u015bci przelewem, p\u0142atno\u015b\u0107 powinna by\u0107 dokonana w ci\u0105gu 7 dni roboczych na konto bankowe wskazane w fakturze\/wiadomo\u015bci e-mail potwierdzaj\u0105cej z\u0142o\u017cone zam\u00f3wienie.<br \/>W przypadku wyboru formy p\u0142atno\u015bci za pobraniem, p\u0142atno\u015b\u0107 powinna by\u0107 dokonana dostawcy w trakcie odbierania towaru.<br \/>W przypadku wyboru formy p\u0142atno\u015bci got\u00f3wk\u0105 w sklepie, p\u0142atno\u015b\u0107 powinna by\u0107 dokonana w sklepie w trakcie odbierania towaru.<\/p><p><br \/><strong>Czas dostawy<\/strong><br \/>Ca\u0142kowity czas realizacji zam\u00f3wienia (wraz z dostaw\u0105) wynosi od 2-5 dni roboczych &#8211; je\u015bli produkt znajduje si\u0119 na magazynie. W innych przypadkach termin ten mo\u017ce ulec wyd\u0142u\u017ceniu do 14 dni roboczych. W przypadku w\u0105tpliwo\u015bci prosimy o kontakt z naszym sklepem info@electrostrefa.pl<\/p>\t\t\t\t\t\t<\/div>\n\t\t\t\t<\/div>\n\t\t\t\t\t<\/div>\n\t\t<\/div>\n\t\t\t\t\t\t\t<\/div>\n\t\t<\/section>\n\t\t\t\t\t\t<\/div>\n\t\t\t\t\t<\/div>\n\t\t","protected":false},"excerpt":{"rendered":"<p>Czas i koszt dostawy KosztJest uzale\u017cniony od formy p\u0142atno\u015bci oraz \u0142\u0105cznej wagi zam\u00f3wienia. Ca\u0142e zam\u00f3wienie jest wysy\u0142ane w jednej przesy\u0142ce i klient ponosi jeden koszt dostawy.Szczeg\u00f3\u0142owe koszty dostawy:Przesy\u0142ka kurierska &#8211; 16 z\u0142Przesy\u0142ka kurierska (pobranie) &#8211; 20 z\u0142Odbi\u00f3r osobisty &#8211; 0 z\u0142Warto\u015b\u0107 przesy\u0142ki jest wi\u0119ksza lub r\u00f3wna 300 z\u0142 &#8211; 0 z\u0142 \u00a0 Terminy zap\u0142atyW przypadku&hellip; <a class=\"more-link\" href=\"https:\/\/electrostrefa.pl\/index.php\/czas-i-koszt-dostawy\/\">Czytaj dalej <span class=\"screen-reader-text\">Czas i koszt dostawy<\/span><\/a><\/p>\n","protected":false},"author":2,"featured_media":0,"parent":0,"menu_order":0,"comment_status":"closed","ping_status":"closed","template":"","meta":{"_jet_sm_ready_style":"","_jet_sm_style":"","_jet_sm_controls_values":""},"_links":{"self":[{"href":"https:\/\/electrostrefa.pl\/index.php\/wp-json\/wp\/v2\/pages\/130"}],"collection":[{"href":"https:\/\/electrostrefa.pl\/index.php\/wp-json\/wp\/v2\/pages"}],"about":[{"href":"https:\/\/electrostrefa.pl\/index.php\/wp-json\/wp\/v2\/types\/page"}],"author":[{"embeddable":true,"href":"https:\/\/electrostrefa.pl\/index.php\/wp-json\/wp\/v2\/users\/2"}],"replies":[{"embeddable":true,"href":"https:\/\/electrostrefa.pl\/index.php\/wp-json\/wp\/v2\/comments?post=130"}],"version-history":[{"count":4,"href":"https:\/\/electrostrefa.pl\/index.php\/wp-json\/wp\/v2\/pages\/130\/revisions"}],"predecessor-version":[{"id":134,"href":"https:\/\/electrostrefa.pl\/index.php\/wp-json\/wp\/v2\/pages\/130\/revisions\/134"}],"wp:attachment":[{"href":"https:\/\/electrostrefa.pl\/index.php\/wp-json\/wp\/v2\/media?parent=130"}],"curies":[{"name":"wp","href":"https:\/\/api.w.org\/{rel}","templated":true}]}}